{"id":26259,"date":"2019-06-04T01:32:39","date_gmt":"2019-06-04T04:32:39","guid":{"rendered":"http:\/\/awf.world\/2011-2\/"},"modified":"2019-06-04T01:32:39","modified_gmt":"2019-06-04T06:32:39","slug":"2011-2","status":"publish","type":"page","link":"https:\/\/awf.world\/fr\/2011-2\/","title":{"rendered":"2011"},"content":{"rendered":"<div id=\"pl-23229\"  class=\"panel-layout\" >\n<div id=\"pg-23229-0\"  class=\"panel-grid panel-no-style\" >\n<div id=\"pgc-23229-0-0\"  class=\"panel-grid-cell\"  data-weight=\"1\" >\n<div id=\"panel-23229-0-0-0\" class=\"so-panel widget widget_sow-editor panel-first-child\" data-index=\"0\" data-style=\"{&quot;background_image_attachment&quot;:false,&quot;background_display&quot;:&quot;tile&quot;}\" >\n<div class=\"so-widget-sow-editor so-widget-sow-editor-base\">\n<div class=\"siteorigin-widget-tinymce textwidget\">\n<h1 style=\"text-align: center; font-size: 27px;\">Nouvelles 2011<\/h1>\n<p style=\"text-align: center;\"><strong><span style=\"font-size: 110%; font-weight: 600;\">Les Ann\u00e9es Pr\u00e9c\u00e9dentes:<\/span>\u00a0 \u00a0 \u00a0<\/strong> \u00a0\u00a0<a href=\"\/?page_id=26190\">2020<\/a>\u00a0 \u00a0\u00a0<a href=\"https:\/\/awf.world\/fr\/2019-2\/\">2019<\/a>\u00a0 \u00a0 <a href=\"\/?page_id=26194\">2018<\/a>\u00a0 \u00a0\u00a0<a href=\"https:\/\/awf.world\/fr\/2017-2\/\">2017<\/a>\u00a0 \u00a0\u00a0<a href=\"https:\/\/awf.world\/fr\/2016-2\/\">2016<\/a> \u00a0\u00a0<a href=\"https:\/\/awf.world\/fr\/2015-2\/\">2015<\/a>\u00a0 \u00a0\u00a0<a href=\"https:\/\/awf.world\/fr\/2014-2\/\">2014<\/a>\u00a0 \u00a0\u00a0<a href=\"https:\/\/awf.world\/fr\/2013-2\/\">2013<\/a>\u00a0 \u00a0\u00a0<a href=\"https:\/\/awf.world\/fr\/2012-2\/\">2012<\/a>\u00a0 \u00a0\u00a0<a href=\"https:\/\/awf.world\/2011-2\/\">2011<\/a>\u00a0 \u00a0<a href=\"https:\/\/awf.world\/2010-2\/\">2010<\/a><\/p>\n<\/div>\n<\/div>\n<\/div>\n<div id=\"panel-23229-0-0-1\" class=\"so-panel widget widget_sow-editor panel-last-child\" data-index=\"1\" >\n<div class=\"so-widget-sow-editor so-widget-sow-editor-base\">\n<div class=\"siteorigin-widget-tinymce textwidget\">\n\t\n\n\n<div id=\"wpv-view-layout-23216-CATTR399c826de5d4d8f7c2d3168678dc3e28\" class=\"js-wpv-view-layout js-wpv-layout-responsive js-wpv-view-layout-23216-CATTR399c826de5d4d8f7c2d3168678dc3e28\" data-viewnumber=\"23216-CATTR399c826de5d4d8f7c2d3168678dc3e28\" data-pagination=\"{&quot;id&quot;:23216,&quot;query&quot;:&quot;normal&quot;,&quot;type&quot;:&quot;disabled&quot;,&quot;effect&quot;:&quot;fade&quot;,&quot;duration&quot;:500,&quot;speed&quot;:5,&quot;pause_on_hover&quot;:&quot;disabled&quot;,&quot;stop_rollover&quot;:&quot;false&quot;,&quot;cache_pages&quot;:&quot;enabled&quot;,&quot;preload_images&quot;:&quot;enabled&quot;,&quot;preload_pages&quot;:&quot;enabled&quot;,&quot;preload_reach&quot;:1,&quot;spinner&quot;:&quot;builtin&quot;,&quot;spinner_image&quot;:&quot;https:\/\/awf.world\/wp-content\/plugins\/wp-views\/embedded\/res\/img\/ajax-loader.gif&quot;,&quot;callback_next&quot;:&quot;&quot;,&quot;manage_history&quot;:&quot;enabled&quot;,&quot;has_controls_in_form&quot;:&quot;disabled&quot;,&quot;infinite_tolerance&quot;:&quot;0&quot;,&quot;max_pages&quot;:0,&quot;page&quot;:1,&quot;base_permalink&quot;:&quot;\/fr\/wp-json\/wp\/v2\/pages\/26259?wpv_view_count=23216-CATTR399c826de5d4d8f7c2d3168678dc3e28&amp;wpv_paged=WPV_PAGE_NUM&quot;,&quot;loop&quot;:{&quot;type&quot;:&quot;&quot;,&quot;name&quot;:&quot;&quot;,&quot;data&quot;:[],&quot;id&quot;:0}}\" data-permalink=\"\/fr\/wp-json\/wp\/v2\/pages\/26259?wpv_view_count=23216-CATTR399c826de5d4d8f7c2d3168678dc3e28\">\n\n\t\n\t\n\t\t<strong>No items found<\/strong>\n\t\n<\/div>\n<\/div>\n<\/div>\n<\/div>\n<\/div>\n<\/div>\n<\/div>\n","protected":false},"excerpt":{"rendered":"<p>Nouvelles 2011 Les Ann\u00e9es Pr\u00e9c\u00e9dentes:\u00a0 \u00a0 \u00a0 \u00a0\u00a02020\u00a0 \u00a0\u00a02019\u00a0 \u00a0 2018\u00a0 \u00a0\u00a02017\u00a0 \u00a0\u00a02016 \u00a0\u00a02015\u00a0 \u00a0\u00a02014\u00a0 \u00a0\u00a02013\u00a0 \u00a0\u00a02012\u00a0 \u00a0\u00a02011\u00a0 \u00a02010<\/p>\n","protected":false},"author":15,"featured_media":0,"parent":0,"menu_order":0,"comment_status":"closed","ping_status":"closed","template":"","meta":{"inline_featured_image":false,"ngg_post_thumbnail":0,"_EventAllDay":false,"_EventTimezone":"","_EventStartDate":"","_EventEndDate":"","_EventStartDateUTC":"","_EventEndDateUTC":"","_EventShowMap":false,"_EventShowMapLink":false,"_EventURL":"","_EventCost":"","_EventCostDescription":"","_EventCurrencySymbol":"","_EventCurrencyCode":"","_EventCurrencyPosition":"","_EventDateTimeSeparator":"","_EventTimeRangeSeparator":"","_EventOrganizerID":[],"_EventVenueID":[],"_OrganizerEmail":"","_OrganizerPhone":"","_OrganizerWebsite":"","_VenueAddress":"","_VenueCity":"","_VenueCountry":"","_VenueProvince":"","_VenueState":"","_VenueZip":"","_VenuePhone":"","_VenueURL":"","_VenueStateProvince":"","_VenueLat":"","_VenueLng":"","_VenueShowMap":false,"_VenueShowMapLink":false,"footnotes":""},"class_list":["post-26259","page","type-page","status-publish","hentry"],"_links":{"self":[{"href":"https:\/\/awf.world\/fr\/wp-json\/wp\/v2\/pages\/26259","targetHints":{"allow":["GET"]}}],"collection":[{"href":"https:\/\/awf.world\/fr\/wp-json\/wp\/v2\/pages"}],"about":[{"href":"https:\/\/awf.world\/fr\/wp-json\/wp\/v2\/types\/page"}],"author":[{"embeddable":true,"href":"https:\/\/awf.world\/fr\/wp-json\/wp\/v2\/users\/15"}],"replies":[{"embeddable":true,"href":"https:\/\/awf.world\/fr\/wp-json\/wp\/v2\/comments?post=26259"}],"version-history":[{"count":0,"href":"https:\/\/awf.world\/fr\/wp-json\/wp\/v2\/pages\/26259\/revisions"}],"wp:attachment":[{"href":"https:\/\/awf.world\/fr\/wp-json\/wp\/v2\/media?parent=26259"}],"curies":[{"name":"wp","href":"https:\/\/api.w.org\/{rel}","templated":true}]}}