{"id":26197,"date":"2021-01-19T22:39:16","date_gmt":"2021-01-20T01:39:16","guid":{"rendered":"http:\/\/awf.world\/2017-2\/"},"modified":"2021-01-27T18:23:16","modified_gmt":"2021-01-27T23:23:16","slug":"2017-2","status":"publish","type":"page","link":"https:\/\/awf.world\/es\/2017-2\/","title":{"rendered":"2017"},"content":{"rendered":"<div id=\"pl-26171\"  class=\"panel-layout\" >\n<div id=\"pg-26171-0\"  class=\"panel-grid panel-no-style\" >\n<div id=\"pgc-26171-0-0\"  class=\"panel-grid-cell\"  data-weight=\"1\" >\n<div id=\"panel-26171-0-0-0\" class=\"so-panel widget widget_sow-editor panel-first-child\" data-index=\"0\" data-style=\"{&quot;background_image_attachment&quot;:false,&quot;background_display&quot;:&quot;tile&quot;}\" >\n<div class=\"so-widget-sow-editor so-widget-sow-editor-base\">\n<div class=\"siteorigin-widget-tinymce textwidget\">\n<h1 style=\"text-align: center; font-size: 27px;\">Noticias 2017<\/h1>\n<p style=\"text-align: center;\"><strong><span style=\"font-size: 110%; font-weight: 600;\">A\u00f1os Previos:<\/span>\u00a0 \u00a0 \u00a0<\/strong> \u00a0\u00a0<a href=\"https:\/\/awf.world\/es\/2020-2\/\">2020<\/a>\u00a0 \u00a0\u00a0<a href=\"https:\/\/awf.world\/es\/2019-2\/\">2019<\/a>\u00a0 \u00a0 <a href=\"\/?page_id=26195\">2018<\/a>\u00a0 \u00a0\u00a0<a href=\"https:\/\/awf.world\/es\/2017-2\/\">2017<\/a>\u00a0 \u00a0\u00a0<a href=\"https:\/\/awf.world\/es\/2016-2\/\">2016<\/a> \u00a0\u00a0<a href=\"https:\/\/awf.world\/es\/2015-2\/\">2015<\/a>\u00a0 \u00a0\u00a0<a href=\"https:\/\/awf.world\/es\/2014-2\/\">2014<\/a>\u00a0 \u00a0\u00a0<a href=\"https:\/\/awf.world\/es\/2013-2\/\">2013<\/a>\u00a0 \u00a0\u00a0<a href=\"https:\/\/awf.world\/es\/2012-2\/\">2012<\/a>\u00a0 \u00a0\u00a0<a href=\"https:\/\/awf.world\/2011-2\/\">2011<\/a>\u00a0 \u00a0<a href=\"https:\/\/awf.world\/2010-2\/\">2010<\/a><\/p>\n<\/div>\n<\/div>\n<\/div>\n<div id=\"panel-26171-0-0-1\" class=\"so-panel widget widget_sow-editor panel-last-child\" data-index=\"1\" >\n<div class=\"so-widget-sow-editor so-widget-sow-editor-base\">\n<div class=\"siteorigin-widget-tinymce textwidget\">\n\t\n\n\n<div id=\"wpv-view-layout-23216-CATTR0d93edda700132aa914f4f49042763d6\" class=\"js-wpv-view-layout js-wpv-layout-responsive js-wpv-view-layout-23216-CATTR0d93edda700132aa914f4f49042763d6\" data-viewnumber=\"23216-CATTR0d93edda700132aa914f4f49042763d6\" data-pagination=\"{&quot;id&quot;:23216,&quot;query&quot;:&quot;normal&quot;,&quot;type&quot;:&quot;disabled&quot;,&quot;effect&quot;:&quot;fade&quot;,&quot;duration&quot;:500,&quot;speed&quot;:5,&quot;pause_on_hover&quot;:&quot;disabled&quot;,&quot;stop_rollover&quot;:&quot;false&quot;,&quot;cache_pages&quot;:&quot;enabled&quot;,&quot;preload_images&quot;:&quot;enabled&quot;,&quot;preload_pages&quot;:&quot;enabled&quot;,&quot;preload_reach&quot;:1,&quot;spinner&quot;:&quot;builtin&quot;,&quot;spinner_image&quot;:&quot;https:\/\/awf.world\/wp-content\/plugins\/wp-views\/embedded\/res\/img\/ajax-loader.gif&quot;,&quot;callback_next&quot;:&quot;&quot;,&quot;manage_history&quot;:&quot;enabled&quot;,&quot;has_controls_in_form&quot;:&quot;disabled&quot;,&quot;infinite_tolerance&quot;:&quot;0&quot;,&quot;max_pages&quot;:0,&quot;page&quot;:1,&quot;base_permalink&quot;:&quot;\/es\/wp-json\/wp\/v2\/pages\/26197?wpv_view_count=23216-CATTR0d93edda700132aa914f4f49042763d6&amp;wpv_paged=WPV_PAGE_NUM&quot;,&quot;loop&quot;:{&quot;type&quot;:&quot;&quot;,&quot;name&quot;:&quot;&quot;,&quot;data&quot;:[],&quot;id&quot;:0}}\" data-permalink=\"\/es\/wp-json\/wp\/v2\/pages\/26197?wpv_view_count=23216-CATTR0d93edda700132aa914f4f49042763d6\">\n\n\t\n\t\n\t\n\t\t<div class=\"cat-home\">\n<div class=\"cat-home-category\"><a href=\"https:\/\/awf.world\/es\/category\/news-es\/\">NOTICIAS<\/a>\/<a href=\"https:\/\/awf.world\/es\/category\/africa-es\/\">\u00c1FRICA<\/a><\/div>\n<div class=\"cat-home-img\"><a href=\"https:\/\/awf.world\/es\/awf-news\/un-legado-parecido-al-de-pablo-actualizacion-de-angola-2017\/\"><img decoding=\"async\" class=\"attachment-255xauto size-255xauto\" src=\"https:\/\/awf.world\/wp-content\/uploads\/2017\/12\/angola-wpv_255xauto.jpg\" width=\"255\" height=\"auto\" alt=\"\" \/><\/a><\/div>\n<div class=\"cat-home-title\"><a href=\"https:\/\/awf.world\/es\/awf-news\/un-legado-parecido-al-de-pablo-actualizacion-de-angola-2017\/\">Un legado parecido al de Pablo: Actualizaci\u00f3n de Angola 2017<\/a><\/div>\n <div class=\"cat-home-date\">diciembre 15, 2017<\/div>\n<div class=\"cat-home-short-description\">  <p>Uno de los fundadores de la AC&M en Angola tiene un testimonio de transformaci\u00f3n radical similar al de Pablo, desde matar hasta salvar, dejando un legado que nuestro Presidente de AWF testific\u00f3 en su visita m\u00e1s reciente a Angola.<\/p>\n<\/div>\n\n<\/div>\n\t\n\t\t<div class=\"cat-home\">\n<div class=\"cat-home-category\"><\/div>\n<div class=\"cat-home-img\"><a href=\"https:\/\/awf.world\/es\/awf-news\/dedication-of-the-a-b-simpson-missions-training-center\/\"><img decoding=\"async\" class=\"attachment-255xauto size-255xauto\" src=\"https:\/\/awf.world\/wp-content\/uploads\/2017\/06\/dedicacion-training-center-esp-1-wpv_255xauto.jpg\" width=\"255\" height=\"auto\" alt=\"\" \/><\/a><\/div>\n<div class=\"cat-home-title\"><a href=\"https:\/\/awf.world\/es\/awf-news\/dedication-of-the-a-b-simpson-missions-training-center\/\">Dedicaci\u00f3n del Nuevo Centro de Formaci\u00f3n de Misiones<\/a><\/div>\n <div class=\"cat-home-date\">diciembre 9, 2017<\/div>\n<div class=\"cat-home-short-description\">  <p>Los sue\u00f1os se hacen realidad para muchos con la gran apertura del Centro de Entrenamiento de Misiones de A.B. Simpson en Armenia, Colombia.<\/p>\n<\/div>\n\n<\/div>\n\t\n\t\t<div class=\"cat-home\">\n<div class=\"cat-home-category\"><a href=\"https:\/\/awf.world\/es\/category\/emerald-es\/\">EUROPA &amp; MEDIO ORIENTE<\/a>\/<a href=\"https:\/\/awf.world\/es\/category\/news-es\/\">NOTICIAS<\/a><\/div>\n<div class=\"cat-home-img\"><a href=\"https:\/\/awf.world\/es\/awf-news\/a-welder-of-the-faith-in-trento\/\"><img decoding=\"async\" class=\"attachment-255xauto size-255xauto\" src=\"https:\/\/awf.world\/wp-content\/uploads\/2017\/06\/trento-wpv_255xauto.jpg\" width=\"255\" height=\"auto\" alt=\"\" \/><\/a><\/div>\n<div class=\"cat-home-title\"><a href=\"https:\/\/awf.world\/es\/awf-news\/a-welder-of-the-faith-in-trento\/\">Un Forjador de la Fe en Trento<\/a><\/div>\n <div class=\"cat-home-date\">diciembre 8, 2017<\/div>\n<div class=\"cat-home-short-description\">  <p>Pastor y  maestro soldador usa sus habilidades para impactar Italia a nombre de Cristo<\/p>\n<\/div>\n\n<\/div>\n\t\n\t\t<div class=\"cat-home\">\n<div class=\"cat-home-category\"><a href=\"https:\/\/awf.world\/es\/category\/apac-es\/\">ASIA &amp; PACIFICO<\/a><\/div>\n<div class=\"cat-home-img\"><a href=\"https:\/\/awf.world\/es\/awf-news\/update-regarding-khmer-evangelical-church-kec-and-thailand-cma\/\"><img decoding=\"async\" class=\"attachment-255xauto size-255xauto\" src=\"https:\/\/awf.world\/wp-content\/uploads\/2017\/07\/thailand-upcoming-wpv_255xauto.jpg\" width=\"255\" height=\"auto\" alt=\"\" \/><\/a><\/div>\n<div class=\"cat-home-title\"><a href=\"https:\/\/awf.world\/es\/awf-news\/update-regarding-khmer-evangelical-church-kec-and-thailand-cma\/\">La Iglesia Khmer (KEC) y  C&#038;MA Tailandia<\/a><\/div>\n <div class=\"cat-home-date\">noviembre 4, 2017<\/div>\n<div class=\"cat-home-short-description\">  <p>El proyecto se realizar\u00e1 en el tiempo de Dios<\/p>\n<\/div>\n\n<\/div>\n\t\n\t\t<div class=\"cat-home\">\n<div class=\"cat-home-category\"><a href=\"https:\/\/awf.world\/es\/category\/emerald-es\/\">EUROPA &amp; MEDIO ORIENTE<\/a><\/div>\n<div class=\"cat-home-img\"><a href=\"https:\/\/awf.world\/es\/awf-news\/thank-god-for-the-ministry-of-chinese-churches-in-europe\/\"><img decoding=\"async\" class=\"attachment-255xauto size-255xauto\" src=\"https:\/\/awf.world\/wp-content\/uploads\/2017\/07\/gracias-wpv_255xauto.jpg\" width=\"255\" height=\"auto\" alt=\"\" \/><\/a><\/div>\n<div class=\"cat-home-title\"><a href=\"https:\/\/awf.world\/es\/awf-news\/thank-god-for-the-ministry-of-chinese-churches-in-europe\/\">Gracias a Dios por el Ministerio de Iglesias Chinas<\/a><\/div>\n <div class=\"cat-home-date\">noviembre 3, 2017<\/div>\n<div class=\"cat-home-short-description\">  <p>Oremos por el Equipo<\/p>\n<\/div>\n\n<\/div>\n\t\n\t\t<div class=\"cat-home\">\n<div class=\"cat-home-category\"><a href=\"https:\/\/awf.world\/es\/category\/emerald-es\/\">EUROPA &amp; MEDIO ORIENTE<\/a><\/div>\n<div class=\"cat-home-img\"><a href=\"https:\/\/awf.world\/es\/awf-news\/wonderful-childrens-ministry\/\"><img decoding=\"async\" class=\"attachment-255xauto size-255xauto\" src=\"https:\/\/awf.world\/wp-content\/uploads\/2017\/07\/ni\u00f1os-espa\u00f1a-wpv_255xauto.jpg\" width=\"255\" height=\"auto\" alt=\"\" \/><\/a><\/div>\n<div class=\"cat-home-title\"><a href=\"https:\/\/awf.world\/es\/awf-news\/wonderful-childrens-ministry\/\">!Maravilloso Ministerio de los ni\u00f1os!<\/a><\/div>\n <div class=\"cat-home-date\">noviembre 3, 2017<\/div>\n<div class=\"cat-home-short-description\">  <p>Incre\u00edble campamento de 5 d\u00edas para ni\u00f1os<\/p>\n<\/div>\n\n<\/div>\n\t\n\t\t<div class=\"cat-home\">\n<div class=\"cat-home-category\"><a href=\"https:\/\/awf.world\/es\/category\/emerald-es\/\">EUROPA &amp; MEDIO ORIENTE<\/a><\/div>\n<div class=\"cat-home-img\"><a href=\"https:\/\/awf.world\/es\/awf-news\/father-reunited-with-his-son\/\"><img decoding=\"async\" class=\"attachment-255xauto size-255xauto\" src=\"https:\/\/awf.world\/wp-content\/uploads\/2017\/07\/PADRE-wpv_255xauto.jpg\" width=\"255\" height=\"auto\" alt=\"\" \/><\/a><\/div>\n<div class=\"cat-home-title\"><a href=\"https:\/\/awf.world\/es\/awf-news\/father-reunited-with-his-son\/\">Padre Reunido con su Hijo<\/a><\/div>\n <div class=\"cat-home-date\">noviembre 3, 2017<\/div>\n<div class=\"cat-home-short-description\">  <p>Historia de la obra de Dios a trav\u00e9s de su ministerio<\/p>\n<\/div>\n\n<\/div>\n\t\n\t\t<div class=\"cat-home\">\n<div class=\"cat-home-category\"><a href=\"https:\/\/awf.world\/es\/category\/apac-es\/\">ASIA &amp; PACIFICO<\/a><\/div>\n<div class=\"cat-home-img\"><a href=\"https:\/\/awf.world\/es\/awf-news\/development-of-vietnamese\/\"><img decoding=\"async\" class=\"attachment-255xauto size-255xauto\" src=\"https:\/\/awf.world\/wp-content\/uploads\/2017\/07\/noticia-wpv_255xauto.jpg\" width=\"255\" height=\"auto\" alt=\"\" \/><\/a><\/div>\n<div class=\"cat-home-title\"><a href=\"https:\/\/awf.world\/es\/awf-news\/development-of-vietnamese\/\">Desarrollo del vietnamita<\/a><\/div>\n <div class=\"cat-home-date\">noviembre 3, 2017<\/div>\n<div class=\"cat-home-short-description\">  <p>Proyecto del Ministerio Tailand\u00e9s<\/p>\n<\/div>\n\n<\/div>\n\t\n\t\t<div class=\"cat-home\">\n<div class=\"cat-home-category\"><a href=\"https:\/\/awf.world\/es\/category\/apac-es\/\">ASIA &amp; PACIFICO<\/a><\/div>\n<div class=\"cat-home-img\"><a href=\"https:\/\/awf.world\/es\/awf-news\/welcome-home\/\"><img decoding=\"async\" class=\"attachment-255xauto size-255xauto\" src=\"https:\/\/awf.world\/wp-content\/uploads\/2017\/07\/WELCOME-FILIPI-1-wpv_255xauto.jpg\" width=\"255\" height=\"auto\" alt=\"\" \/><\/a><\/div>\n<div class=\"cat-home-title\"><a href=\"https:\/\/awf.world\/es\/awf-news\/welcome-home\/\">\u00a1Bienvenidos a Casa!<\/a><\/div>\n <div class=\"cat-home-date\">noviembre 3, 2017<\/div>\n<div class=\"cat-home-short-description\">  <p>\"Volvimos a Filipinas despu\u00e9s de 20 a\u00f1os de servicio\"<\/p>\n<\/div>\n\n<\/div>\n\t\n\t\t<div class=\"cat-home\">\n<div class=\"cat-home-category\"><a href=\"https:\/\/awf.world\/es\/category\/emerald-es\/\">EUROPA &amp; MEDIO ORIENTE<\/a><\/div>\n<div class=\"cat-home-img\"><a href=\"https:\/\/awf.world\/es\/awf-news\/adopting-new-methods-in-the-netherlands\/\"><img decoding=\"async\" class=\"attachment-255xauto size-255xauto\" src=\"https:\/\/awf.world\/wp-content\/uploads\/2017\/07\/NETHERLANDS-wpv_255xauto.jpg\" width=\"255\" height=\"auto\" alt=\"\" \/><\/a><\/div>\n<div class=\"cat-home-title\"><a href=\"https:\/\/awf.world\/es\/awf-news\/adopting-new-methods-in-the-netherlands\/\">Adopci\u00f3n de nuevos m\u00e9todos en los Pa\u00edses Bajos<\/a><\/div>\n <div class=\"cat-home-date\">julio 27, 2017<\/div>\n<div class=\"cat-home-short-description\">  <p>Buscando una nueva forma de misi\u00f3n<\/p>\n<\/div>\n\n<\/div>\n\t\n\t\t<div class=\"cat-home\">\n<div class=\"cat-home-category\"><a href=\"https:\/\/awf.world\/es\/category\/apac-es\/\">ASIA &amp; PACIFICO<\/a><\/div>\n<div class=\"cat-home-img\"><a href=\"https:\/\/awf.world\/es\/awf-news\/update-on-the-physical-condition-of-rev-paul-paksaol\/\"><img decoding=\"async\" class=\"attachment-255xauto size-255xauto\" src=\"https:\/\/awf.world\/wp-content\/uploads\/2017\/07\/REV-PAKSAOL-FINAL-3-wpv_255xauto.jpg\" width=\"255\" height=\"auto\" alt=\"\" \/><\/a><\/div>\n<div class=\"cat-home-title\"><a href=\"https:\/\/awf.world\/es\/awf-news\/update-on-the-physical-condition-of-rev-paul-paksaol\/\">Mejora la condici\u00f3n del Rev. Paul Paksaol<\/a><\/div>\n <div class=\"cat-home-date\">julio 18, 2017<\/div>\n<div class=\"cat-home-short-description\">  <p>Gracias por sus Oraciones<\/p>\n<\/div>\n\n<\/div>\n\t\n\t\t<div class=\"cat-home\">\n<div class=\"cat-home-category\"><a href=\"https:\/\/awf.world\/es\/category\/apac-es\/\">ASIA &amp; PACIFICO<\/a><\/div>\n<div class=\"cat-home-img\"><a href=\"https:\/\/awf.world\/es\/awf-news\/meeting-with-the-camacop-new-president\/\"><img decoding=\"async\" class=\"attachment-255xauto size-255xauto\" src=\"https:\/\/awf.world\/wp-content\/uploads\/2017\/07\/CAMACOP-wpv_255xauto.jpg\" width=\"255\" height=\"auto\" alt=\"\" \/><\/a><\/div>\n<div class=\"cat-home-title\"><a href=\"https:\/\/awf.world\/es\/awf-news\/meeting-with-the-camacop-new-president\/\">Reuni\u00f3n con el nuevo Presidente de CAMACOP<\/a><\/div>\n <div class=\"cat-home-date\">julio 17, 2017<\/div>\n<div class=\"cat-home-short-description\">  <p>visitando y felicitando a  el nuevo presidente electo<\/p>\n<\/div>\n\n<\/div>\n\t\n\t\t<div class=\"cat-home\">\n<div class=\"cat-home-category\"><a href=\"https:\/\/awf.world\/es\/category\/north-america-es\/\">AM\u00c9RICA DEL NORTE<\/a><\/div>\n<div class=\"cat-home-img\"><a href=\"https:\/\/awf.world\/es\/awf-news\/alliance-council-2017-forward\/\"><img decoding=\"async\" class=\"attachment-255xauto size-255xauto\" src=\"https:\/\/awf.world\/wp-content\/uploads\/2017\/06\/Alliance-Council-2-3-wpv_255xauto.jpg\" width=\"255\" height=\"auto\" alt=\"\" \/><\/a><\/div>\n<div class=\"cat-home-title\"><a href=\"https:\/\/awf.world\/es\/awf-news\/alliance-council-2017-forward\/\">El Concilio Aliancista 2017: Adelante<\/a><\/div>\n <div class=\"cat-home-date\">junio 28, 2017<\/div>\n<div class=\"cat-home-short-description\">  <p>Amar. Anunciar . Alcanzar. Lanzamiento<\/p>\n<\/div>\n\n<\/div>\n\t\n\t\t<div class=\"cat-home\">\n<div class=\"cat-home-category\"><a href=\"https:\/\/awf.world\/es\/category\/projects-es\/\">PROYECTOS<\/a><\/div>\n<div class=\"cat-home-img\"><a href=\"https:\/\/awf.world\/es\/projects\/awf-en-el-medio-oriente\/\"><img decoding=\"async\" class=\"attachment-255xauto size-255xauto\" src=\"https:\/\/awf.world\/wp-content\/uploads\/2017\/06\/AWF-MIDDLE-EMER-2-e1502231446700-wpv_255xauto.jpg\" width=\"255\" height=\"auto\" alt=\"\" \/><\/a><\/div>\n<div class=\"cat-home-title\"><a href=\"https:\/\/awf.world\/es\/projects\/awf-en-el-medio-oriente\/\">AWF en el Medio Oriente<\/a><\/div>\n <div class=\"cat-home-date\">junio 9, 2017<\/div>\n<div class=\"cat-home-short-description\">  <\/div>\n\n<\/div>\n\t\n\t\t<div class=\"cat-home\">\n<div class=\"cat-home-category\"><a href=\"https:\/\/awf.world\/es\/category\/north-america-es\/\">AM\u00c9RICA DEL NORTE<\/a>\/<a href=\"https:\/\/awf.world\/es\/category\/awf-office-es\/\">OFICINA AWF<\/a><\/div>\n<div class=\"cat-home-img\"><a href=\"https:\/\/awf.world\/es\/awf-news\/alliance-council-2017-saturday\/\"><img decoding=\"async\" class=\"attachment-255xauto size-255xauto\" src=\"https:\/\/awf.world\/wp-content\/uploads\/2017\/06\/sabado-wpv_255xauto.jpg\" width=\"255\" height=\"auto\" alt=\"\" \/><\/a><\/div>\n<div class=\"cat-home-title\"><a href=\"https:\/\/awf.world\/es\/awf-news\/alliance-council-2017-saturday\/\">Concilio De La Alianza 2017: S\u00e1bado<\/a><\/div>\n <div class=\"cat-home-date\">junio 4, 2017<\/div>\n<div class=\"cat-home-short-description\">  <p>As\u00ed termin\u00f3 el evento.<\/p>\n<\/div>\n\n<\/div>\n\t\n\t\t<div class=\"cat-home\">\n<div class=\"cat-home-category\"><a href=\"https:\/\/awf.world\/es\/category\/awf-office-es\/\">OFICINA AWF<\/a><\/div>\n<div class=\"cat-home-img\"><a href=\"https:\/\/awf.world\/es\/awf-news\/13276\/\"><img decoding=\"async\" class=\"attachment-255xauto size-255xauto\" src=\"https:\/\/awf.world\/wp-content\/uploads\/2017\/06\/Jura-1-1-768x483-1-wpv_255xauto.jpg\" width=\"255\" height=\"auto\" alt=\"\" \/><\/a><\/div>\n<div class=\"cat-home-title\"><a href=\"https:\/\/awf.world\/es\/awf-news\/13276\/\">Nuevo Presidente de AWF<\/a><\/div>\n <div class=\"cat-home-date\">junio 4, 2017<\/div>\n<div class=\"cat-home-short-description\">  <p>El Dr. John Stumbo ha sido elegido como el duod\u00e9cimo presidente de La Alianza Cristiana y Misionera.<\/p>\n<\/div>\n\n<\/div>\n\t\n\t\t<div class=\"cat-home\">\n<div class=\"cat-home-category\"><a href=\"https:\/\/awf.world\/es\/category\/latin-america-es\/\">AM\u00c9RICA LATINA<\/a><\/div>\n<div class=\"cat-home-img\"><a href=\"https:\/\/awf.world\/es\/awf-news\/cla-in-ecuador-fellowship-planning\/\"><img decoding=\"async\" class=\"attachment-255xauto size-255xauto\" src=\"https:\/\/awf.world\/wp-content\/uploads\/2017\/06\/cla-1-1-wpv_255xauto.jpg\" width=\"255\" height=\"auto\" alt=\"\" \/><\/a><\/div>\n<div class=\"cat-home-title\"><a href=\"https:\/\/awf.world\/es\/awf-news\/cla-in-ecuador-fellowship-planning\/\">El CLA en Ecuador :Becas y Planificaci\u00f3n<\/a><\/div>\n <div class=\"cat-home-date\">junio 3, 2017<\/div>\n<div class=\"cat-home-short-description\">  <p>As\u00ed se decidi\u00f3 el Plan Regional de Latinoam\u00e9rica para pr\u00f3ximos cuatro a\u00f1os<\/p>\n<\/div>\n\n<\/div>\n\t\n\t\t<div class=\"cat-home\">\n<div class=\"cat-home-category\"><a href=\"https:\/\/awf.world\/es\/category\/awf-office-es\/\">OFICINA AWF<\/a><\/div>\n<div class=\"cat-home-img\"><a href=\"https:\/\/awf.world\/es\/awf-news\/new-members-and-chairman-appointed-for-the-awf-international-commission\/\"><img decoding=\"async\" class=\"attachment-255xauto size-255xauto\" src=\"https:\/\/awf.world\/wp-content\/uploads\/2017\/05\/meeting-2-wpv_255xauto.jpg\" width=\"255\" height=\"auto\" alt=\"\" \/><\/a><\/div>\n<div class=\"cat-home-title\"><a href=\"https:\/\/awf.world\/es\/awf-news\/new-members-and-chairman-appointed-for-the-awf-international-commission\/\">Nuevos Miembros y  El Presidente Nombrados para la Comisi\u00f3n Internacional AWF<\/a><\/div>\n <div class=\"cat-home-date\">mayo 15, 2017<\/div>\n<div class=\"cat-home-short-description\">  <\/div>\n\n<\/div>\n\t\n\t\t<div class=\"cat-home\">\n<div class=\"cat-home-category\"><a href=\"https:\/\/awf.world\/es\/category\/awf-office-es\/\">OFICINA AWF<\/a><\/div>\n<div class=\"cat-home-img\"><a href=\"https:\/\/awf.world\/es\/awf-news\/awf-executive-committee-met-in-sao-paulo\/\"><img decoding=\"async\" class=\"attachment-255xauto size-255xauto\" src=\"https:\/\/awf.world\/wp-content\/uploads\/2017\/05\/san-paolo-final-wpv_255xauto.jpg\" width=\"255\" height=\"auto\" alt=\"\" \/><\/a><\/div>\n<div class=\"cat-home-title\"><a href=\"https:\/\/awf.world\/es\/awf-news\/awf-executive-committee-met-in-sao-paulo\/\">Comit\u00e9 Ejecutivo de AWF se Reuni\u00f3 en S\u00e3o Paulo<\/a><\/div>\n <div class=\"cat-home-date\">mayo 15, 2017<\/div>\n<div class=\"cat-home-short-description\">  <p>El comit\u00e9 Ejecutivo de AWF (ExCom) celebr\u00f3 su reuni\u00f3n anual el mes de Marzo en la ciudad de S\u00e3o Paulo, con la Junta Directiva de la C. & M.A. (ACEMBRAS) y particip\u00f3 en la Consulta de Misiones AWF<\/p>\n<\/div>\n\n<\/div>\n\t\n\t\t<div class=\"cat-home\">\n<div class=\"cat-home-category\"><a href=\"https:\/\/awf.world\/es\/category\/emerald-es\/\">EUROPA &amp; MEDIO ORIENTE<\/a><\/div>\n<div class=\"cat-home-img\"><a href=\"https:\/\/awf.world\/es\/awf-news\/esta-es-una-prueba-1\/\"><img decoding=\"async\" class=\"attachment-255xauto size-255xauto\" src=\"https:\/\/awf.world\/wp-content\/uploads\/2017\/05\/siria-wpv_255xauto.jpg\" width=\"255\" height=\"auto\" alt=\"\" \/><\/a><\/div>\n<div class=\"cat-home-title\"><a href=\"https:\/\/awf.world\/es\/awf-news\/esta-es-una-prueba-1\/\">Actualizaci\u00f3n de Siria<\/a><\/div>\n <div class=\"cat-home-date\">mayo 10, 2017<\/div>\n<div class=\"cat-home-short-description\">  <p>Los misioneros Edward y Rana Awabdeh comparten momentos destacados del viaje a Alepo.<\/p>\n<\/div>\n\n<\/div>\n\t\n\t\t<div class=\"cat-home\">\n<div class=\"cat-home-category\"><a href=\"https:\/\/awf.world\/es\/category\/news-es\/\">NOTICIAS<\/a><\/div>\n<div class=\"cat-home-img\"><a href=\"https:\/\/awf.world\/es\/awf-executive-committee-met-in-sao-paulo\/\"><img decoding=\"async\" class=\"attachment-255xauto size-255xauto\" src=\"https:\/\/awf.world\/wp-content\/uploads\/2012\/12\/1-01-wpv_255xauto.jpg\" width=\"255\" height=\"auto\" alt=\"\" \/><\/a><\/div>\n<div class=\"cat-home-title\"><a href=\"https:\/\/awf.world\/es\/awf-executive-committee-met-in-sao-paulo\/\">AWF Executive Committee met in S\u00e3o Paulo<\/a><\/div>\n <div class=\"cat-home-date\">marzo 31, 2017<\/div>\n<div class=\"cat-home-short-description\">  <p>The Executive Committee of AWF (ExCom) held its annual meeting in March in the city of S\u00e3o Paulo, with the Board of Directors of C. & M.A. (MEMBERS) and participated in the AWF Missions Consultation.<\/p>\n<\/div>\n\n<\/div>\n\t\n\t\n\t\n\t\n<\/div>\n<\/div>\n<\/div>\n<\/div>\n<\/div>\n<\/div>\n<\/div>\n","protected":false},"excerpt":{"rendered":"<p>Noticias 2017 A\u00f1os Previos:\u00a0 \u00a0 \u00a0 \u00a0\u00a02020\u00a0 \u00a0\u00a02019\u00a0 \u00a0 2018\u00a0 \u00a0\u00a02017\u00a0 \u00a0\u00a02016 \u00a0\u00a02015\u00a0 \u00a0\u00a02014\u00a0 \u00a0\u00a02013\u00a0 \u00a0\u00a02012\u00a0 \u00a0\u00a02011\u00a0 \u00a02010<\/p>\n","protected":false},"author":15,"featured_media":0,"parent":0,"menu_order":0,"comment_status":"closed","ping_status":"closed","template":"","meta":{"inline_featured_image":false,"ngg_post_thumbnail":0,"_EventAllDay":false,"_EventTimezone":"","_EventStartDate":"","_EventEndDate":"","_EventStartDateUTC":"","_EventEndDateUTC":"","_EventShowMap":false,"_EventShowMapLink":false,"_EventURL":"","_EventCost":"","_EventCostDescription":"","_EventCurrencySymbol":"","_EventCurrencyCode":"","_EventCurrencyPosition":"","_EventDateTimeSeparator":"","_EventTimeRangeSeparator":"","_EventOrganizerID":[],"_EventVenueID":[],"_OrganizerEmail":"","_OrganizerPhone":"","_OrganizerWebsite":"","_VenueAddress":"","_VenueCity":"","_VenueCountry":"","_VenueProvince":"","_VenueState":"","_VenueZip":"","_VenuePhone":"","_VenueURL":"","_VenueStateProvince":"","_VenueLat":"","_VenueLng":"","_VenueShowMap":false,"_VenueShowMapLink":false,"footnotes":""},"class_list":["post-26197","page","type-page","status-publish","hentry"],"_links":{"self":[{"href":"https:\/\/awf.world\/es\/wp-json\/wp\/v2\/pages\/26197","targetHints":{"allow":["GET"]}}],"collection":[{"href":"https:\/\/awf.world\/es\/wp-json\/wp\/v2\/pages"}],"about":[{"href":"https:\/\/awf.world\/es\/wp-json\/wp\/v2\/types\/page"}],"author":[{"embeddable":true,"href":"https:\/\/awf.world\/es\/wp-json\/wp\/v2\/users\/15"}],"replies":[{"embeddable":true,"href":"https:\/\/awf.world\/es\/wp-json\/wp\/v2\/comments?post=26197"}],"version-history":[{"count":0,"href":"https:\/\/awf.world\/es\/wp-json\/wp\/v2\/pages\/26197\/revisions"}],"wp:attachment":[{"href":"https:\/\/awf.world\/es\/wp-json\/wp\/v2\/media?parent=26197"}],"curies":[{"name":"wp","href":"https:\/\/api.w.org\/{rel}","templated":true}]}}