{"id":15256,"date":"2017-05-15T04:23:22","date_gmt":"2017-05-15T03:23:22","guid":{"rendered":"http:\/\/awf.world\/fourfold-gospel\/"},"modified":"2017-07-15T06:48:01","modified_gmt":"2017-07-15T05:48:01","slug":"fourfold-gospel","status":"publish","type":"page","link":"https:\/\/awf.world\/es\/fourfold-gospel\/","title":{"rendered":"EVANGELIO CU\u00c1DRUPLE"},"content":{"rendered":"<div id=\"pl-11887\" class=\"panel-layout\">\n<div id=\"pg-11887-0\" class=\"panel-grid panel-no-style\" data-style=\"{&quot;background_display&quot;:&quot;tile&quot;,&quot;cell_alignment&quot;:&quot;flex-start&quot;}\">&nbsp;<\/div>\n<div id=\"pg-11887-3\" class=\"panel-grid panel-no-style\" data-style=\"{&quot;background_display&quot;:&quot;tile&quot;,&quot;cell_alignment&quot;:&quot;flex-start&quot;}\">\n<div id=\"pgc-11887-3-0\" class=\"panel-grid-cell\" data-weight=\"1\">\n<div id=\"panel-11887-3-0-0\" class=\"so-panel widget widget_text_icl panel-first-child panel-last-child\" data-index=\"3\" data-style=\"{&quot;background_image_attachment&quot;:false,&quot;background_display&quot;:&quot;tile&quot;}\">\n<div class=\"textwidget\">\n<h3 style=\"text-align: justify;\"><strong>EVANGELIO CU\u00c1DRUPLE<\/strong><\/h3>\n<p style=\"text-align: justify;\">&nbsp;<\/p>\n<p style=\"text-align: justify;\"><strong>Jes\u00fas, nuestro Salvador<\/strong><br \/>\nEl Nombre de Jes\u00fas ha impregnado cada cultura por m\u00e1s de 2.000 a\u00f1os. En el Nombre de Jes\u00fas, la gente ha experimentado grandes milagros, as\u00ed como horribles persecuciones. Jes\u00fas dej\u00f3 en claro su prop\u00f3sito en la tierra; S\u00f3lo a trav\u00e9s de \u00c9l est\u00e1 la salvaci\u00f3n disponible.<\/p>\n<p style=\"text-align: justify;\">La muerte de Jes\u00fas en una cruz fue el cumplimiento de la ley del Antiguo Testamento, que requer\u00eda la expiaci\u00f3n de la sangre por el pecado. Por Su muerte y resurrecci\u00f3n, somos redimidos de la separaci\u00f3n eterna de Dios, justificados, hechos justos y aceptados en Su Nombre.<\/p>\n<p style=\"text-align: justify;\">La salvaci\u00f3n no se encuentra en nadie m\u00e1s, porque no hay otro nombre bajo el cielo dado al hombre por el cual debamos ser salvos (Hechos 4:12).<\/p>\n<p style=\"text-align: justify;\">&nbsp;<\/p>\n<p style=\"text-align: justify;\"><strong>Jes\u00fas, nuestro Santificador<\/strong><\/p>\n<p style=\"text-align: justify;\">Una gran parte del ministerio terrenal de Cristo estaba dedicado a sanar a los enfermos. No encontramos ning\u00fan registro en los evangelios de Jes\u00fas que rechaza a cualquiera que vino a \u00e9l para sanar, ni encontramos que cualquier enfermedad era demasiado dif\u00edcil para \u00e9l sanar. Incluso levant\u00f3 a los muertos. Las curaciones milagrosas contin\u00faan hoy, evidencia de que Cristo todav\u00eda es nuestro Sanador.<\/p>\n<p style=\"text-align: justify;\">Y la oraci\u00f3n ofrecida en fe har\u00e1 bien al enfermo; El Se\u00f1or lo resucitar\u00e1 (Santiago 5:15).<\/p>\n<p style=\"text-align: justify;\">&nbsp;<\/p>\n<p style=\"text-align: justify;\"><strong>Jes\u00fas, nuestro Rey Venidero<\/strong><\/p>\n<p style=\"text-align: justify;\">Claramente, todo el Nuevo Testamento nos habla de la Segunda Venida de Cristo. La Alianza est\u00e1 comprometida a hacer su parte para completar la Gran Comisi\u00f3n de Jes\u00fas antes de Su retorno glorioso.<\/p>\n<p style=\"text-align: justify;\">Ver\u00e1n al Hijo del Hombre sentado a la derecha del Poderoso y viniendo sobre las nubes del cielo (Marcos 14:62).<\/p>\n<p style=\"text-align: justify;\">&nbsp;<\/p>\n<p style=\"text-align: justify;\"><strong>Completando la Comisi\u00f3n de Cristo<\/strong><\/p>\n<p style=\"text-align: justify;\">El Se\u00f1or exhort\u00f3 a sus seguidores cuando los envi\u00f3 a difundir la Buena Nueva por toda la tierra. Ese llamamiento continuar\u00e1 hasta que el evangelio, a trav\u00e9s de los esfuerzos de Su Iglesia, haya alcanzado a todos los pueblos, y \u00c9l venga otra vez.<\/p>\n<p style=\"text-align: justify;\">Y este evangelio del reino ser\u00e1 predicado en todo el mundo como un testimonio a todas las naciones, y entonces vendr\u00e1 el fin (Mateo 24:14).<\/p>\n<\/div>\n<p>Traducido del ingles<\/p>\n<\/div>\n<\/div>\n<\/div>\n<\/div>\n","protected":false},"excerpt":{"rendered":"<p>&nbsp; EVANGELIO CU\u00c1DRUPLE &nbsp; Jes\u00fas, nuestro Salvador El Nombre de Jes\u00fas ha impregnado cada cultura por m\u00e1s de 2.000 a\u00f1os. En el Nombre de Jes\u00fas,&hellip;<\/p>\n","protected":false},"author":15,"featured_media":0,"parent":0,"menu_order":0,"comment_status":"closed","ping_status":"closed","template":"","meta":{"inline_featured_image":false,"ngg_post_thumbnail":0,"_EventAllDay":false,"_EventTimezone":"","_EventStartDate":"","_EventEndDate":"","_EventStartDateUTC":"","_EventEndDateUTC":"","_EventShowMap":false,"_EventShowMapLink":false,"_EventURL":"","_EventCost":"","_EventCostDescription":"","_EventCurrencySymbol":"","_EventCurrencyCode":"","_EventCurrencyPosition":"","_EventDateTimeSeparator":"","_EventTimeRangeSeparator":"","_EventOrganizerID":[],"_EventVenueID":[],"_OrganizerEmail":"","_OrganizerPhone":"","_OrganizerWebsite":"","_VenueAddress":"","_VenueCity":"","_VenueCountry":"","_VenueProvince":"","_VenueState":"","_VenueZip":"","_VenuePhone":"","_VenueURL":"","_VenueStateProvince":"","_VenueLat":"","_VenueLng":"","_VenueShowMap":false,"_VenueShowMapLink":false,"footnotes":""},"class_list":["post-15256","page","type-page","status-publish","hentry"],"_links":{"self":[{"href":"https:\/\/awf.world\/es\/wp-json\/wp\/v2\/pages\/15256","targetHints":{"allow":["GET"]}}],"collection":[{"href":"https:\/\/awf.world\/es\/wp-json\/wp\/v2\/pages"}],"about":[{"href":"https:\/\/awf.world\/es\/wp-json\/wp\/v2\/types\/page"}],"author":[{"embeddable":true,"href":"https:\/\/awf.world\/es\/wp-json\/wp\/v2\/users\/15"}],"replies":[{"embeddable":true,"href":"https:\/\/awf.world\/es\/wp-json\/wp\/v2\/comments?post=15256"}],"version-history":[{"count":0,"href":"https:\/\/awf.world\/es\/wp-json\/wp\/v2\/pages\/15256\/revisions"}],"wp:attachment":[{"href":"https:\/\/awf.world\/es\/wp-json\/wp\/v2\/media?parent=15256"}],"curies":[{"name":"wp","href":"https:\/\/api.w.org\/{rel}","templated":true}]}}