{"id":15125,"date":"2017-05-11T21:07:36","date_gmt":"2017-05-12T02:07:36","guid":{"rendered":"http:\/\/awf.world\/statement-of-faith\/"},"modified":"2022-01-19T13:14:21","modified_gmt":"2022-01-19T18:14:21","slug":"statement-of-faith","status":"publish","type":"page","link":"https:\/\/awf.world\/es\/statement-of-faith\/","title":{"rendered":"Declaraci\u00f3n de Fe de la AWF"},"content":{"rendered":"<div id=\"pl-15125\"  class=\"panel-layout\" ><div id=\"pg-15125-0\"  class=\"panel-grid panel-has-style\" ><div class=\"panel-row-style panel-row-style-for-15125-0\" ><div id=\"pgc-15125-0-0\"  class=\"panel-grid-cell panel-grid-cell-empty\" ><\/div><\/div><\/div><div id=\"pg-15125-1\"  class=\"panel-grid panel-no-style\" ><div id=\"pgc-15125-1-0\"  class=\"panel-grid-cell panel-grid-cell-empty\" ><\/div><div id=\"pgc-15125-1-1\"  class=\"panel-grid-cell\" ><div id=\"panel-15125-1-1-0\" class=\"so-panel widget widget_sow-editor panel-first-child panel-last-child\" data-index=\"0\" ><div\n\t\t\t\n\t\t\tclass=\"so-widget-sow-editor so-widget-sow-editor-base\"\n\t\t\t\n\t\t><h3 class=\"widget-title\">Declaraci\u00f3n de Fe de la AWF<\/h3>\n<div class=\"siteorigin-widget-tinymce textwidget\">\n\t<ol>\n<li>Hay un Dios, que es infinitamente perfecto, que existe eternamente en tres personas: Padre, Hijo y Esp\u00edritu Santo.<\/li>\n<li>Jesucristo es verdadero Dios y verdadero hombre. Fue concebido por el Esp\u00edritu Santo y naci\u00f3 de la Virgen Mar\u00eda. Muri\u00f3 en la cruz, el Justo por los injustos como sacrificio sustitutivo, y todos los que creen en \u00c9l son justificados sobre la base de Su sangre derramada. Resucit\u00f3 de entre los muertos seg\u00fan las Escrituras. Ahora est\u00e1 a la diestra de la Majestad en las alturas como nuestro gran Sumo Sacerdote. Vendr\u00e1 otra vez para establecer Su reino de justicia y paz.<\/li>\n<li>El Esp\u00edritu Santo es una Persona Divina, enviada para morar, guiar, ense\u00f1ar, distribuir dones, empoderar al creyente, y convencer al mundo de pecado, justicia y juicio.<\/li>\n<li>El Antiguo y Nuevo Testamento, infalibles como se dieron originalmente, fueron inspirados verbalmente por Dios y son una revelaci\u00f3n completa de Su voluntad para nuestra salvaci\u00f3n y la redenci\u00f3n de la creaci\u00f3n. Constituyen la \u00fanica regla divina de la fe y pr\u00e1ctica cristianas.<\/li>\n<li>El hombre y la mujer fueron creados originalmente a imagen y semejanza de Dios; ambos cayeron por su desobediencia incurriendo tanto en la muerte f\u00edsica como en la espiritual. Todos nacen con una naturaleza pecaminosa, separados de la vida de Dios, pero pueden ser salvos solo mediante la obra expiatoria del Se\u00f1or Jesucristo. Lo que corresponde a los incr\u00e9dulos es la separaci\u00f3n eterna y consciente de Dios; y al creyente, gozo eterno en la presencia de Dios.<\/li>\n<li>Jesucristo ha provisto la salvaci\u00f3n para todos; y los que se arrepienten y creen en \u00c9l nacen de nuevo del Esp\u00edritu Santo, reciben el don de la vida eterna y se convierten en hijos de Dios.<\/li>\n<li>Es la voluntad de Dios que cada creyente en uni\u00f3n con Cristo sea lleno del Esp\u00edritu Santo. Por consiguiente, cada creyente debe ser completamente santificado, separado del pecado y del mundo y dedicado a Dios plenamente. A trav\u00e9s de la llenura del Esp\u00edritu Santo, el creyente recibe poder para vivir una vida santa y de servicio eficaz al Se\u00f1or. La santificaci\u00f3n es distinta en naturaleza a la conversi\u00f3n, subsecuente a ella, pero no necesariamente distante la una de la otra.<\/li>\n<li>En la obra redentora del Se\u00f1or Jesucristo hay provisi\u00f3n para la sanidad integral de toda persona. La oraci\u00f3n por los enfermos y la unci\u00f3n con aceite se ense\u00f1an en las Escrituras y son privilegios de la Iglesia en la \u00e9poca actual.<\/li>\n<li>La Iglesia est\u00e1 formada por todos aquellos que creen en el Se\u00f1or Jesucristo, los redimidos por Su sangre que nacen de nuevo del Esp\u00edritu Santo. Cristo es la Cabeza del Cuerpo, la Iglesia, que ha sido comisionada por \u00c9l para ir por todo el mundo como testigo predicando el Evangelio a todas las naciones. La iglesia local es el cuerpo de creyentes en Cristo que se unen para adorar a Dios, para edificarse mediante la Palabra de Dios, para orar, tener comuni\u00f3n, proclamar el Evangelio y participar de las ordenanzas del bautismo y la Santa Cena.<\/li>\n<li>Habr\u00e1 una resurrecci\u00f3n corporal de los justos e injustos; para los primeros ser\u00e1 una resurrecci\u00f3n para vida; para los segundos, una resurrecci\u00f3n para juicio.<\/li>\n<li>La segunda venida del Se\u00f1or Jesucristo es inminente, personal y visible. Es la esperanza bienaventurada del creyente, una verdad vital que incentiva a vivir una vida santa y de servicio fiel en el cumplimiento de la Comisi\u00f3n de Jes\u00fas.<\/li>\n<\/ol>\n<p>&nbsp;<\/p>\n<p>Aprobado en la Convocatoria Cuadrienal 2021 de la AWF<\/p>\n<\/div>\n<\/div><\/div><\/div><\/div><\/div>","protected":false},"excerpt":{"rendered":"<p>Hay un Dios, que es infinitamente perfecto, que existe eternamente en tres personas: Padre, Hijo y Esp\u00edritu Santo. Jesucristo es verdadero Dios y verdadero hombre.&hellip;<\/p>\n","protected":false},"author":15,"featured_media":0,"parent":0,"menu_order":0,"comment_status":"closed","ping_status":"closed","template":"","meta":{"inline_featured_image":false,"ngg_post_thumbnail":0,"_EventAllDay":false,"_EventTimezone":"","_EventStartDate":"","_EventEndDate":"","_EventStartDateUTC":"","_EventEndDateUTC":"","_EventShowMap":false,"_EventShowMapLink":false,"_EventURL":"","_EventCost":"","_EventCostDescription":"","_EventCurrencySymbol":"","_EventCurrencyCode":"","_EventCurrencyPosition":"","_EventDateTimeSeparator":"","_EventTimeRangeSeparator":"","_EventOrganizerID":[],"_EventVenueID":[],"_OrganizerEmail":"","_OrganizerPhone":"","_OrganizerWebsite":"","_VenueAddress":"","_VenueCity":"","_VenueCountry":"","_VenueProvince":"","_VenueState":"","_VenueZip":"","_VenuePhone":"","_VenueURL":"","_VenueStateProvince":"","_VenueLat":"","_VenueLng":"","_VenueShowMap":false,"_VenueShowMapLink":false,"footnotes":""},"class_list":["post-15125","page","type-page","status-publish","hentry"],"_links":{"self":[{"href":"https:\/\/awf.world\/es\/wp-json\/wp\/v2\/pages\/15125","targetHints":{"allow":["GET"]}}],"collection":[{"href":"https:\/\/awf.world\/es\/wp-json\/wp\/v2\/pages"}],"about":[{"href":"https:\/\/awf.world\/es\/wp-json\/wp\/v2\/types\/page"}],"author":[{"embeddable":true,"href":"https:\/\/awf.world\/es\/wp-json\/wp\/v2\/users\/15"}],"replies":[{"embeddable":true,"href":"https:\/\/awf.world\/es\/wp-json\/wp\/v2\/comments?post=15125"}],"version-history":[{"count":0,"href":"https:\/\/awf.world\/es\/wp-json\/wp\/v2\/pages\/15125\/revisions"}],"wp:attachment":[{"href":"https:\/\/awf.world\/es\/wp-json\/wp\/v2\/media?parent=15125"}],"curies":[{"name":"wp","href":"https:\/\/api.w.org\/{rel}","templated":true}]}}