{"id":15121,"date":"2017-05-11T19:28:03","date_gmt":"2017-05-12T00:28:03","guid":{"rendered":"http:\/\/awf.world\/the-fourfold-gospel\/"},"modified":"2018-03-16T15:46:20","modified_gmt":"2018-03-16T20:46:20","slug":"the-fourfold-gospel","status":"publish","type":"page","link":"https:\/\/awf.world\/es\/the-fourfold-gospel\/","title":{"rendered":"El Cuarto Evangelio"},"content":{"rendered":"<div id=\"pl-15121\"  class=\"panel-layout\" ><div id=\"pg-15121-0\"  class=\"panel-grid panel-has-style\" ><div class=\"panel-row-style panel-row-style-for-15121-0\" ><div id=\"pgc-15121-0-0\"  class=\"panel-grid-cell\" ><div id=\"panel-15121-0-0-0\" class=\"so-panel widget widget_sow-image panel-first-child panel-last-child\" data-index=\"0\" ><div\n\t\t\t\n\t\t\tclass=\"so-widget-sow-image so-widget-sow-image-default-dbf295114b96-15121\"\n\t\t\t\n\t\t>\n<div class=\"sow-image-container\">\n\t\t<img \n\tsrc=\"https:\/\/awf.world\/wp-content\/uploads\/2017\/05\/history-simpson.jpg\" width=\"160\" height=\"250\" srcset=\"https:\/\/awf.world\/wp-content\/uploads\/2017\/05\/history-simpson.jpg 160w, https:\/\/awf.world\/wp-content\/uploads\/2017\/05\/history-simpson-131x204.jpg 131w\" sizes=\"(max-width: 160px) 100vw, 160px\" alt=\"\" \t\tclass=\"so-widget-image\"\/>\n\t<\/div>\n\n<\/div><\/div><\/div><div id=\"pgc-15121-0-1\"  class=\"panel-grid-cell\" ><div id=\"panel-15121-0-1-0\" class=\"so-panel widget widget_text panel-first-child\" data-index=\"1\" ><div class=\"panel-widget-style panel-widget-style-for-15121-0-1-0\" ><h3 class=\"widget-title\">El Evangelio Cu\u00e1druple<\/h3>\t\t\t<div class=\"textwidget\"><center>El fundador de la Alianza, Dr. A.B. Simpson, defini\u00f3 el ADN de la C&MA hace m\u00e1s de 100 a\u00f1os, defini\u00e9ndola como el Evangelio Cu\u00e1druple; es el coraz\u00f3n de lo que cree la gente aliancista sobre Jes\u00fas y lo que conforma las bases de todo lo que define el movimiento de la Alianza. <\/center> <br><\/div>\n\t\t<\/div><\/div><div id=\"panel-15121-0-1-1\" class=\"so-panel widget widget_text panel-last-child\" data-index=\"2\" >\t\t\t<div class=\"textwidget\">El Cu\u00e1druple Evangelio es el resumen cristol\u00f3gico en el cual se fundamentan los valores fundamentales de la Alianza Cristiana y Misionera. A trav\u00e9s de encuentros espirituales dram\u00e1ticos que cambiaron el curso de su vida, Simpson lleg\u00f3 a creer firmemente que Cristo no era solo su Salvador, sino tambi\u00e9n su Santificador y Sanador. <br>\n<br>\n\nLa gente aliancista comparte este rico legado, adem\u00e1s de la pasi\u00f3n de su fundador por cumplir la Gran Comisi\u00f3n--llevar la luz de Cristo a los lugares donde hay poco acceso a la verdad--y traer de vuelta nuestro Rey que Viene.<br><\/div>\n\t\t<\/div><\/div><\/div><\/div><div id=\"pg-15121-1\"  class=\"panel-grid panel-has-style\" ><div class=\"so-parallax siteorigin-panels-stretch panel-row-style panel-row-style-for-15121-1\" data-stretch-type=\"full\" ><img fetchpriority=\"high\" decoding=\"async\" width=\"5472\" height=\"3648\" src=\"https:\/\/awf.world\/wp-content\/uploads\/2017\/05\/pexels-photo-105226.jpeg\" class=\"attachment-full size-full\" alt=\"\" data-siteorigin-parallax=\"true\" loading=\"eager\" srcset=\"https:\/\/awf.world\/wp-content\/uploads\/2017\/05\/pexels-photo-105226.jpeg 5472w, https:\/\/awf.world\/wp-content\/uploads\/2017\/05\/pexels-photo-105226-300x200.jpeg 300w, https:\/\/awf.world\/wp-content\/uploads\/2017\/05\/pexels-photo-105226-768x512.jpeg 768w, https:\/\/awf.world\/wp-content\/uploads\/2017\/05\/pexels-photo-105226-1024x683.jpeg 1024w, https:\/\/awf.world\/wp-content\/uploads\/2017\/05\/pexels-photo-105226-578x385.jpeg 578w, https:\/\/awf.world\/wp-content\/uploads\/2017\/05\/pexels-photo-105226-285x190.jpeg 285w, https:\/\/awf.world\/wp-content\/uploads\/2017\/05\/pexels-photo-105226-272x182.jpeg 272w\" sizes=\"(max-width: 5472px) 100vw, 5472px\" \/><div id=\"pgc-15121-1-0\"  class=\"panel-grid-cell\" ><div id=\"panel-15121-1-0-0\" class=\"so-panel widget widget_siteorigin-panels-builder panel-first-child panel-last-child\" data-index=\"3\" ><div class=\"panel-widget-style panel-widget-style-for-15121-1-0-0\" ><div id=\"pl-w5aac2d1ca5dc5\"  class=\"panel-layout\" ><div id=\"pg-w5aac2d1ca5dc5-0\"  class=\"panel-grid panel-no-style\" ><div id=\"pgc-w5aac2d1ca5dc5-0-0\"  class=\"panel-grid-cell\" ><div id=\"panel-w5aac2d1ca5dc5-0-0-0\" class=\"so-panel widget widget_siteorigin-panels-builder panel-first-child panel-last-child\" data-index=\"0\" ><div class=\"panel-widget-style panel-widget-style-for-w5aac2d1ca5dc5-0-0-0\" ><div id=\"pl-w5aac2d1ca5e2e\"  class=\"panel-layout\" ><div id=\"pg-w5aac2d1ca5e2e-0\"  class=\"panel-grid panel-no-style\" ><div id=\"pgc-w5aac2d1ca5e2e-0-0\"  class=\"panel-grid-cell\" ><div id=\"panel-w5aac2d1ca5e2e-0-0-0\" class=\"so-panel widget widget_sow-image panel-first-child\" data-index=\"0\" ><div\n\t\t\t\n\t\t\tclass=\"so-widget-sow-image so-widget-sow-image-default-c67d20f9f743\"\n\t\t\t\n\t\t>\n<div class=\"sow-image-container\">\n\t\t\t<a href=\"http:\/\/awf.world\/savior\/\"\n\t\t\t\t\t>\n\t\t\t<img \n\tsrc=\"https:\/\/awf.world\/wp-content\/uploads\/2017\/05\/about-cross.png\" width=\"100\" height=\"100\" sizes=\"(max-width: 100px) 100vw, 100px\" alt=\"\" \t\tclass=\"so-widget-image\"\/>\n\t\t\t<\/a><\/div>\n\n<\/div><\/div><div id=\"panel-w5aac2d1ca5e2e-0-0-1\" class=\"so-panel widget widget_text panel-last-child\" data-index=\"1\" ><div class=\"panel-widget-style panel-widget-style-for-w5aac2d1ca5e2e-0-0-1\" ><h3 class=\"widget-title\">Salvador<\/h3>\t\t\t<div class=\"textwidget\"><p style=\"text-align: justify;\">El nombre de Jes\u00fas ha impactado vidas en el alrededor del mundo por m\u00e1s de 2.000 a\u00f1os. \u00c9l es el Salvador universal, prometiendo \u201cque todo aquel que en \u00e9l cree, no se pierda, mas tenga vida eterna.\u201d<\/p>\n<p>&nbsp;<\/p>\n<p>&nbsp;<\/p>\n<div class=\"readmorebo\" style=\"text-align: justify;\"><a href=\"http:\/\/awf.world\/es\/savior\/\">Leer M\u00e1s<\/a><\/div>\n<\/div>\n\t\t<\/div><\/div><\/div><\/div><\/div><\/div><\/div><\/div><div id=\"pgc-w5aac2d1ca5dc5-0-1\"  class=\"panel-grid-cell\" ><div id=\"panel-w5aac2d1ca5dc5-0-1-0\" class=\"so-panel widget widget_siteorigin-panels-builder panel-first-child panel-last-child\" data-index=\"1\" ><div class=\"panel-widget-style panel-widget-style-for-w5aac2d1ca5dc5-0-1-0\" ><div id=\"pl-w5a8f333362749\"  class=\"panel-layout\" ><div id=\"pg-w5a8f333362749-0\"  class=\"panel-grid panel-no-style\" ><div id=\"pgc-w5a8f333362749-0-0\"  class=\"panel-grid-cell\" ><div id=\"panel-w5a8f333362749-0-0-0\" class=\"so-panel widget widget_sow-image panel-first-child\" data-index=\"0\" ><div\n\t\t\t\n\t\t\tclass=\"so-widget-sow-image so-widget-sow-image-default-c67d20f9f743\"\n\t\t\t\n\t\t>\n<div class=\"sow-image-container\">\n\t\t\t<a href=\"http:\/\/awf.world\/sanctifier\/\"\n\t\t\t\t\t>\n\t\t\t<img \n\tsrc=\"https:\/\/awf.world\/wp-content\/uploads\/2017\/05\/about-laver.png\" width=\"100\" height=\"100\" sizes=\"(max-width: 100px) 100vw, 100px\" alt=\"\" \t\tclass=\"so-widget-image\"\/>\n\t\t\t<\/a><\/div>\n\n<\/div><\/div><div id=\"panel-w5a8f333362749-0-0-1\" class=\"so-panel widget widget_text panel-last-child\" data-index=\"1\" ><div class=\"panel-widget-style panel-widget-style-for-w5a8f333362749-0-0-1\" ><h3 class=\"widget-title\">Santificador<\/h3>\t\t\t<div class=\"textwidget\"><p style=\"text-align: justify;\">Muchos Cristianos entienden la promesa de Dios de salvaci\u00f3n pero no experimentan la constante obra santificadora de Jesucristo en sus vidas. Para aquellos que no entienden ni permiten el control del Esp\u00edritu Santo en sus vidas, los resultados tienen un profundo efecto.<\/p>\n<div class=\"readmorebo\" style=\"text-align: justify;\"><a href=\"http:\/\/awf.world\/es\/sanctifier\/\">Leer M\u00e1s<\/a><\/div>\n<\/div>\n\t\t<\/div><\/div><\/div><\/div><\/div><\/div><\/div><\/div><div id=\"pgc-w5aac2d1ca5dc5-0-2\"  class=\"panel-grid-cell\" ><div id=\"panel-w5aac2d1ca5dc5-0-2-0\" class=\"so-panel widget widget_siteorigin-panels-builder panel-first-child panel-last-child\" data-index=\"2\" ><div class=\"panel-widget-style panel-widget-style-for-w5aac2d1ca5dc5-0-2-0\" ><div id=\"pl-w5a902073e53e8\"  class=\"panel-layout\" ><div id=\"pg-w5a902073e53e8-0\"  class=\"panel-grid panel-no-style\" ><div id=\"pgc-w5a902073e53e8-0-0\"  class=\"panel-grid-cell\" ><div id=\"panel-w5a902073e53e8-0-0-0\" class=\"so-panel widget widget_sow-image panel-first-child\" data-index=\"0\" ><div\n\t\t\t\n\t\t\tclass=\"so-widget-sow-image so-widget-sow-image-default-c67d20f9f743\"\n\t\t\t\n\t\t>\n<div class=\"sow-image-container\">\n\t\t\t<a href=\"http:\/\/awf.world\/healer\/\"\n\t\t\t\t\t>\n\t\t\t<img \n\tsrc=\"https:\/\/awf.world\/wp-content\/uploads\/2017\/05\/about-pitcher.png\" width=\"100\" height=\"100\" sizes=\"(max-width: 100px) 100vw, 100px\" alt=\"\" \t\tclass=\"so-widget-image\"\/>\n\t\t\t<\/a><\/div>\n\n<\/div><\/div><div id=\"panel-w5a902073e53e8-0-0-1\" class=\"so-panel widget widget_text panel-last-child\" data-index=\"1\" ><div class=\"panel-widget-style panel-widget-style-for-w5a902073e53e8-0-0-1\" ><h3 class=\"widget-title\">Sanador<\/h3>\t\t\t<div class=\"textwidget\"><p style=\"text-align: justify;\">Una gran porci\u00f3n del tiempo de Cristo en la tierra fue dedicado a sanar al enfermo. \u00c9l san\u00f3 a todo tipo de gente: el ciego, el paralizado, el cojo, el sordo, el leproso, aquellos que ten\u00edan fiebre y muchos con enfermedades cr\u00f3nicas.<\/p>\n<p>&nbsp;<\/p>\n<div class=\"readmorebo\" style=\"text-align: justify;\"><a href=\"http:\/\/awf.world\/es\/healer\/\">Leer M\u00e1s<\/a><\/div>\n<\/div>\n\t\t<\/div><\/div><\/div><\/div><\/div><\/div><\/div><\/div><div id=\"pgc-w5aac2d1ca5dc5-0-3\"  class=\"panel-grid-cell\" ><div id=\"panel-w5aac2d1ca5dc5-0-3-0\" class=\"so-panel widget widget_siteorigin-panels-builder panel-first-child panel-last-child\" data-index=\"3\" ><div class=\"panel-widget-style panel-widget-style-for-w5aac2d1ca5dc5-0-3-0\" ><div id=\"pl-w5aac2d1ca5eec\"  class=\"panel-layout\" ><div id=\"pg-w5aac2d1ca5eec-0\"  class=\"panel-grid panel-no-style\" ><div id=\"pgc-w5aac2d1ca5eec-0-0\"  class=\"panel-grid-cell\" ><div id=\"panel-w5aac2d1ca5eec-0-0-0\" class=\"so-panel widget widget_sow-image panel-first-child\" data-index=\"0\" ><div\n\t\t\t\n\t\t\tclass=\"so-widget-sow-image so-widget-sow-image-default-c67d20f9f743\"\n\t\t\t\n\t\t>\n<div class=\"sow-image-container\">\n\t\t\t<a href=\"http:\/\/awf.world\/coming-king\/\"\n\t\t\t\t\t>\n\t\t\t<img \n\tsrc=\"https:\/\/awf.world\/wp-content\/uploads\/2017\/05\/about-crown.png\" width=\"100\" height=\"100\" sizes=\"(max-width: 100px) 100vw, 100px\" alt=\"\" \t\tclass=\"so-widget-image\"\/>\n\t\t\t<\/a><\/div>\n\n<\/div><\/div><div id=\"panel-w5aac2d1ca5eec-0-0-1\" class=\"so-panel widget widget_text panel-last-child\" data-index=\"1\" ><div class=\"panel-widget-style panel-widget-style-for-w5aac2d1ca5eec-0-0-1\" ><h3 class=\"widget-title\">El Rey Venidero<\/h3>\t\t\t<div class=\"textwidget\"><p style=\"text-align: justify;\">El retorno f\u00edsico de Jes\u00fas ha sido sujeto de especulaci\u00f3n y controversia desde su ascensi\u00f3n entre las nubes, lo cual est\u00e1 descrito en el libro de los Hechos.<\/p>\n<p>&nbsp;<\/p>\n<p>&nbsp;<\/p>\n<p>&nbsp;<\/p>\n<div class=\"readmorebo\" style=\"text-align: justify;\"><a href=\"http:\/\/awf.world\/es\/coming-king\/\n\">Leer M\u00e1s<\/a><\/div>\n<\/div>\n\t\t<\/div><\/div><\/div><\/div><\/div><\/div><\/div><\/div><\/div><\/div><\/div><\/div><\/div><\/div><\/div><\/div>","protected":false},"excerpt":{"rendered":"<p>El fundador de la Alianza, Dr. A.B. Simpson, defini\u00f3 el ADN de la C&#038;MA hace m\u00e1s de 100 a\u00f1os, defini\u00e9ndola como el Evangelio Cu\u00e1druple; es&hellip;<\/p>\n","protected":false},"author":15,"featured_media":0,"parent":0,"menu_order":0,"comment_status":"closed","ping_status":"closed","template":"","meta":{"inline_featured_image":false,"ngg_post_thumbnail":0,"_EventAllDay":false,"_EventTimezone":"","_EventStartDate":"","_EventEndDate":"","_EventStartDateUTC":"","_EventEndDateUTC":"","_EventShowMap":false,"_EventShowMapLink":false,"_EventURL":"","_EventCost":"","_EventCostDescription":"","_EventCurrencySymbol":"","_EventCurrencyCode":"","_EventCurrencyPosition":"","_EventDateTimeSeparator":"","_EventTimeRangeSeparator":"","_EventOrganizerID":[],"_EventVenueID":[],"_OrganizerEmail":"","_OrganizerPhone":"","_OrganizerWebsite":"","_VenueAddress":"","_VenueCity":"","_VenueCountry":"","_VenueProvince":"","_VenueState":"","_VenueZip":"","_VenuePhone":"","_VenueURL":"","_VenueStateProvince":"","_VenueLat":"","_VenueLng":"","_VenueShowMap":false,"_VenueShowMapLink":false,"footnotes":""},"class_list":["post-15121","page","type-page","status-publish","hentry"],"_links":{"self":[{"href":"https:\/\/awf.world\/es\/wp-json\/wp\/v2\/pages\/15121","targetHints":{"allow":["GET"]}}],"collection":[{"href":"https:\/\/awf.world\/es\/wp-json\/wp\/v2\/pages"}],"about":[{"href":"https:\/\/awf.world\/es\/wp-json\/wp\/v2\/types\/page"}],"author":[{"embeddable":true,"href":"https:\/\/awf.world\/es\/wp-json\/wp\/v2\/users\/15"}],"replies":[{"embeddable":true,"href":"https:\/\/awf.world\/es\/wp-json\/wp\/v2\/comments?post=15121"}],"version-history":[{"count":0,"href":"https:\/\/awf.world\/es\/wp-json\/wp\/v2\/pages\/15121\/revisions"}],"wp:attachment":[{"href":"https:\/\/awf.world\/es\/wp-json\/wp\/v2\/media?parent=15121"}],"curies":[{"name":"wp","href":"https:\/\/api.w.org\/{rel}","templated":true}]}}