{"id":14947,"date":"2017-05-06T05:27:39","date_gmt":"2017-05-06T10:27:39","guid":{"rendered":"http:\/\/awf.world\/aboutus\/"},"modified":"2022-02-01T13:49:18","modified_gmt":"2022-02-01T18:49:18","slug":"nuestrocambioglobal","status":"publish","type":"page","link":"https:\/\/awf.world\/es\/nuestrocambioglobal\/","title":{"rendered":"Quienes Somos"},"content":{"rendered":"<div id=\"pl-14947\"  class=\"panel-layout\" ><div id=\"pg-14947-0\"  class=\"panel-grid panel-has-style\" ><div class=\"panel-row-style panel-row-style-for-14947-0\" ><div id=\"pgc-14947-0-0\"  class=\"panel-grid-cell\" ><div id=\"panel-14947-0-0-0\" class=\"so-panel widget widget_sow-image panel-first-child\" data-index=\"0\" ><div class=\"panel-widget-style panel-widget-style-for-14947-0-0-0\" ><div\n\t\t\t\n\t\t\tclass=\"so-widget-sow-image so-widget-sow-image-default-c67d20f9f743-14947\"\n\t\t\t\n\t\t>\n<div class=\"sow-image-container\">\n\t\t<img \n\tsrc=\"https:\/\/awf.world\/wp-content\/uploads\/2017\/05\/jura.png\" width=\"245\" height=\"243\" srcset=\"https:\/\/awf.world\/wp-content\/uploads\/2017\/05\/jura.png 245w, https:\/\/awf.world\/wp-content\/uploads\/2017\/05\/jura-150x150.png 150w, https:\/\/awf.world\/wp-content\/uploads\/2017\/05\/jura-103x103.png 103w, https:\/\/awf.world\/wp-content\/uploads\/2017\/05\/jura-100x100.png 100w, https:\/\/awf.world\/wp-content\/uploads\/2017\/05\/jura-206x204.png 206w\" sizes=\"(max-width: 245px) 100vw, 245px\" alt=\"\" \t\tclass=\"so-widget-image\"\/>\n\t<\/div>\n\n<\/div><\/div><\/div><div id=\"panel-14947-0-0-1\" class=\"so-panel widget widget_text panel-last-child\" data-index=\"1\" ><div class=\"panel-widget-style panel-widget-style-for-14947-0-0-1\" >\t\t\t<div class=\"textwidget\"><div class=\"name20\">Rev. Dr. Jura Yanagihara<\/div>\n<p>&nbsp;<\/p>\n<\/div>\n\t\t<\/div><\/div><\/div><div id=\"pgc-14947-0-1\"  class=\"panel-grid-cell\" ><div id=\"panel-14947-0-1-0\" class=\"so-panel widget widget_siteorigin-panels-builder panel-first-child\" data-index=\"2\" ><div class=\"panel-widget-style panel-widget-style-for-14947-0-1-0\" ><div id=\"pl-w61f97a42d294f\"  class=\"panel-layout\" ><div id=\"pg-w61f97a42d294f-0\"  class=\"panel-grid panel-no-style\" ><div id=\"pgc-w61f97a42d294f-0-0\"  class=\"panel-grid-cell\" ><div id=\"panel-w61f97a42d294f-0-0-0\" class=\"so-panel widget widget_black-studio-tinymce widget_black_studio_tinymce panel-first-child panel-last-child\" data-index=\"0\" ><div class=\"textwidget\"><p style=\"color: black; font-size: 30px; font-weight: bold;\">Nuestro Presidente<\/p>\n<\/div><\/div><\/div><div id=\"pgc-w61f97a42d294f-0-1\"  class=\"panel-grid-cell\" ><div id=\"panel-w61f97a42d294f-0-1-0\" class=\"so-panel widget widget_black-studio-tinymce widget_black_studio_tinymce panel-first-child panel-last-child\" data-index=\"1\" ><div class=\"textwidget\"><p><a style=\"color: white; background: #444242; padding: 7px 15px; font-family: arial; font-size: 20px;\" href=\"http:\/\/awf.world\/es\/leadership\/\">L\u00edderes ejecutivos \u25ba<\/a><\/p>\n<\/div><\/div><\/div><\/div><\/div><\/div><\/div><div id=\"panel-14947-0-1-1\" class=\"so-panel widget widget_sow-editor panel-last-child\" data-index=\"3\" ><div class=\"panel-widget-style panel-widget-style-for-14947-0-1-1\" ><div\n\t\t\t\n\t\t\tclass=\"so-widget-sow-editor so-widget-sow-editor-base\"\n\t\t\t\n\t\t>\n<div class=\"siteorigin-widget-tinymce textwidget\">\n\t<p><b>Durante la Convocatoria Cuadrienal de AWF 2016 en Bangkok, el Dr. Jura Yanagihara fue elegido como presidente de la Confraternidad Mundial de la Alianza.<\/b><\/p>\n<p>Jura y su esposa Mami sirven a la comunidad de la Alianza Cristiana y Misionera en S\u00e3o Paulo, Brasil, persiguiendo su pasi\u00f3n por misiones y discipulado en un contexto cada vez m\u00e1s multicultural.<\/p>\n<p>C\u00f3mo brasile\u00f1o con herencia japonesa, Jura representa en s\u00ed mismo el coraz\u00f3n global y multicultural de la Alianza, y ha abarcado este multiculturalismo a trav\u00e9s de su ministerio, uniendo comunidades internacionales en varios pa\u00edses. En 1988, Jura se cas\u00f3 con Mami y plantaron la Comunidad Sal de la Tierra (ACyM), la primera iglesia de habla portuguesa en Jap\u00f3n. En Brasil, Jura ha servido como pastor principal en varias iglesias de la Alianza.<\/p>\n<p>Actualmente, Jura est\u00e1 comprometido en la iglesia internacional plantando y fomentando la visi\u00f3n, uniendo e inspirando a la familia de la Alianza global a priorizar las misiones, entrenando hombres y mujeres a proclamar el evangelio y priorizar misiones.<\/p>\n<p>&nbsp;<\/p>\n<\/div>\n<\/div><\/div><\/div><\/div><\/div><\/div><div id=\"pg-14947-1\"  class=\"panel-grid panel-has-style\" ><div class=\"siteorigin-panels-stretch panel-row-style panel-row-style-for-14947-1\" data-stretch-type=\"full-stretched\" ><div id=\"pgc-14947-1-0\"  class=\"panel-grid-cell\" ><div id=\"panel-14947-1-0-0\" class=\"so-panel widget widget_sow-image panel-first-child panel-last-child\" data-index=\"4\" ><div\n\t\t\t\n\t\t\tclass=\"so-widget-sow-image so-widget-sow-image-default-c67d20f9f743-14947\"\n\t\t\t\n\t\t>\n<div class=\"sow-image-container\">\n\t\t<img \n\tsrc=\"https:\/\/awf.world\/wp-content\/uploads\/2017\/05\/flecha.png\" width=\"61\" height=\"30\" sizes=\"(max-width: 61px) 100vw, 61px\" alt=\"\" \t\tclass=\"so-widget-image\"\/>\n\t<\/div>\n\n<\/div><\/div><\/div><\/div><\/div><div id=\"pg-14947-2\"  class=\"panel-grid panel-has-style\" ><div class=\"siteorigin-panels-stretch panel-row-style panel-row-style-for-14947-2\" data-stretch-type=\"full\" ><div id=\"pgc-14947-2-0\"  class=\"panel-grid-cell\" ><div id=\"panel-14947-2-0-0\" class=\"so-panel widget widget_text panel-first-child\" data-index=\"5\" >\t\t\t<div class=\"textwidget\"><p>&nbsp;<\/p>\n<div class=\"titlesabout\"><strong>Misi\u00f3n<\/strong><\/div>\n<p>&nbsp;<\/p>\n<\/div>\n\t\t<\/div><div id=\"panel-14947-2-0-1\" class=\"so-panel widget widget_sow-editor panel-last-child\" data-index=\"6\" ><div\n\t\t\t\n\t\t\tclass=\"so-widget-sow-editor so-widget-sow-editor-base\"\n\t\t\t\n\t\t>\n<div class=\"siteorigin-widget-tinymce textwidget\">\n\t<p>La misi\u00f3n de la Confraternidade Mundial de la Alianza (AWF) es facilitar la cooperaci\u00f3n entre sus miembros (iglesias y organizaciones) mientras trabajan para el cumplimiento de la Gran Comisi\u00f3n. La AWF tiene sus ra\u00edces en la Alianza Cristiana y Misionera, la cual empez\u00f3 como movimiento en la d\u00e9cada de 1880 y se convirti\u00f3 en una denominaci\u00f3n con enfoque misional que cuenta con aliados en m\u00e1s de 80 pa\u00edses bajo una variedad de nombres.<\/p>\n<\/div>\n<\/div><\/div><\/div><div id=\"pgc-14947-2-1\"  class=\"panel-grid-cell\" ><div id=\"panel-14947-2-1-0\" class=\"so-panel widget widget_sow-image panel-first-child panel-last-child\" data-index=\"7\" ><div\n\t\t\t\n\t\t\tclass=\"so-widget-sow-image so-widget-sow-image-default-8b5b6f678277-14947\"\n\t\t\t\n\t\t>\n<div class=\"sow-image-container\">\n\t\t<img \n\tsrc=\"https:\/\/awf.world\/wp-content\/uploads\/2017\/05\/mission-1-300x300.png\" width=\"300\" height=\"300\" srcset=\"https:\/\/awf.world\/wp-content\/uploads\/2017\/05\/mission-1-300x300.png 300w, https:\/\/awf.world\/wp-content\/uploads\/2017\/05\/mission-1-150x150.png 150w, https:\/\/awf.world\/wp-content\/uploads\/2017\/05\/mission-1-768x768.png 768w, https:\/\/awf.world\/wp-content\/uploads\/2017\/05\/mission-1-103x103.png 103w, https:\/\/awf.world\/wp-content\/uploads\/2017\/05\/mission-1-100x100.png 100w, https:\/\/awf.world\/wp-content\/uploads\/2017\/05\/mission-1-385x385.png 385w, https:\/\/awf.world\/wp-content\/uploads\/2017\/05\/mission-1-204x204.png 204w, https:\/\/awf.world\/wp-content\/uploads\/2017\/05\/mission-1.png 800w\" sizes=\"(max-width: 300px) 100vw, 300px\" title=\"mission\" alt=\"\" \t\tclass=\"so-widget-image\"\/>\n\t<\/div>\n\n<\/div><\/div><\/div><\/div><\/div><div id=\"pg-14947-3\"  class=\"panel-grid panel-has-style\" ><div class=\"siteorigin-panels-stretch panel-row-style panel-row-style-for-14947-3\" data-stretch-type=\"full-stretched\" ><div id=\"pgc-14947-3-0\"  class=\"panel-grid-cell\" ><div id=\"panel-14947-3-0-0\" class=\"so-panel widget widget_sow-image panel-first-child panel-last-child\" data-index=\"8\" ><div\n\t\t\t\n\t\t\tclass=\"so-widget-sow-image so-widget-sow-image-default-c67d20f9f743-14947\"\n\t\t\t\n\t\t>\n<div class=\"sow-image-container\">\n\t\t<img \n\tsrc=\"https:\/\/awf.world\/wp-content\/uploads\/2017\/05\/flecha-gray-2.png\" width=\"61\" height=\"30\" sizes=\"(max-width: 61px) 100vw, 61px\" alt=\"\" \t\tclass=\"so-widget-image\"\/>\n\t<\/div>\n\n<\/div><\/div><\/div><\/div><\/div><div id=\"pg-14947-4\"  class=\"panel-grid panel-has-style\" ><div class=\"panel-row-style panel-row-style-for-14947-4\" ><div id=\"pgc-14947-4-0\"  class=\"panel-grid-cell\" ><div id=\"panel-14947-4-0-0\" class=\"so-panel widget widget_sow-image panel-first-child panel-last-child\" data-index=\"9\" ><div\n\t\t\t\n\t\t\tclass=\"so-widget-sow-image so-widget-sow-image-default-8b5b6f678277-14947\"\n\t\t\t\n\t\t>\n<div class=\"sow-image-container\">\n\t\t<img \n\tsrc=\"https:\/\/awf.world\/wp-content\/uploads\/2017\/05\/ab-simpson-293x300.png\" width=\"293\" height=\"300\" srcset=\"https:\/\/awf.world\/wp-content\/uploads\/2017\/05\/ab-simpson-293x300.png 293w, https:\/\/awf.world\/wp-content\/uploads\/2017\/05\/ab-simpson-376x385.png 376w, https:\/\/awf.world\/wp-content\/uploads\/2017\/05\/ab-simpson-199x204.png 199w, https:\/\/awf.world\/wp-content\/uploads\/2017\/05\/ab-simpson.png 558w\" sizes=\"(max-width: 293px) 100vw, 293px\" alt=\"\" \t\tclass=\"so-widget-image\"\/>\n\t<\/div>\n\n<\/div><\/div><\/div><div id=\"pgc-14947-4-1\"  class=\"panel-grid-cell\" ><div id=\"panel-14947-4-1-0\" class=\"so-panel widget widget_text panel-first-child\" data-index=\"10\" >\t\t\t<div class=\"textwidget\"><p>&nbsp;<\/p>\n<div class=\"titlesabout\"><strong>Historia<\/strong><\/div>\n<p>&nbsp;<\/p>\n<\/div>\n\t\t<\/div><div id=\"panel-14947-4-1-1\" class=\"so-panel widget widget_sow-editor panel-last-child\" data-index=\"11\" ><div\n\t\t\t\n\t\t\tclass=\"so-widget-sow-editor so-widget-sow-editor-base\"\n\t\t\t\n\t\t>\n<div class=\"siteorigin-widget-tinymce textwidget\">\n\t<p>La Confraternidad Mundial de la Alianza (AWF) une iglesias y ministerios relacionados con la Alianza Cristiana y Misionera. Dios us\u00f3 al Dr. Alberto Benjam\u00edn Simpson (foto a la izquierda) para empezar este movimiento en la d\u00e9cada de 1880, lo cual se convirti\u00f3 en una denominaci\u00f3n con enfoque misional que cuenta con aliados en muchas naciones bajo una variedad de nombres.<\/p>\n<p>L\u00edderes nacionales de todo el mundo fueron tra\u00eddos para la primera vez en Nyack, Nueva York, en 1975. Esa reuni\u00f3n result\u00f3 en la formaci\u00f3n oficial de la AWF como grupo que se reunir\u00eda cada cuatro a\u00f1os por los siguientes prop\u00f3sitos puntuales:<\/p>\n<div class=\"readmorebo\"><a href=\"http:\/\/awf.world\/es\/history\/\" target=\"_blank\" rel=\"noopener\">Leer M\u00e1s \u25ba<\/a><\/div>\n<p>&nbsp;<\/p>\n<\/div>\n<\/div><\/div><\/div><\/div><\/div><div id=\"pg-14947-5\"  class=\"panel-grid panel-has-style\" ><div class=\"siteorigin-panels-stretch panel-row-style panel-row-style-for-14947-5\" data-stretch-type=\"full-stretched\" ><div id=\"pgc-14947-5-0\"  class=\"panel-grid-cell\" ><div id=\"panel-14947-5-0-0\" class=\"so-panel widget widget_sow-image panel-first-child panel-last-child\" data-index=\"12\" ><div\n\t\t\t\n\t\t\tclass=\"so-widget-sow-image so-widget-sow-image-default-c67d20f9f743-14947\"\n\t\t\t\n\t\t>\n<div class=\"sow-image-container\">\n\t\t<img \n\tsrc=\"https:\/\/awf.world\/wp-content\/uploads\/2017\/05\/flecha.png\" width=\"61\" height=\"30\" sizes=\"(max-width: 61px) 100vw, 61px\" alt=\"\" \t\tclass=\"so-widget-image\"\/>\n\t<\/div>\n\n<\/div><\/div><\/div><\/div><\/div><div id=\"pg-14947-6\"  class=\"panel-grid panel-has-style\" ><div class=\"siteorigin-panels-stretch panel-row-style panel-row-style-for-14947-6\" data-stretch-type=\"full-stretched\" ><div id=\"pgc-14947-6-0\"  class=\"panel-grid-cell\" ><div id=\"panel-14947-6-0-0\" class=\"so-panel widget widget_text panel-first-child panel-last-child\" data-index=\"13\" ><div class=\"panel-widget-style panel-widget-style-for-14947-6-0-0\" >\t\t\t<div class=\"textwidget\"><p>&nbsp;<\/p>\n<div class=\"titlesabout\">Nuestras Creencias<\/div>\n<p>&nbsp;<\/p>\n<\/div>\n\t\t<\/div><\/div><\/div><\/div><\/div><div id=\"pg-14947-7\"  class=\"panel-grid panel-has-style\" ><div class=\"siteorigin-panels-stretch panel-row-style panel-row-style-for-14947-7\" data-stretch-type=\"full\" ><div id=\"pgc-14947-7-0\"  class=\"panel-grid-cell\" ><div id=\"panel-14947-7-0-0\" class=\"so-panel widget widget_sow-image panel-first-child\" data-index=\"14\" ><div\n\t\t\t\n\t\t\tclass=\"so-widget-sow-image so-widget-sow-image-default-c67d20f9f743-14947\"\n\t\t\t\n\t\t>\n<div class=\"sow-image-container\">\n\t\t\t<a href=\"https:\/\/awf.world\/es\/the-fourfold-gospel\/\"\n\t\t\ttarget=\"_blank\" rel=\"noopener noreferrer\" \t\t>\n\t\t\t<img \n\tsrc=\"https:\/\/awf.world\/wp-content\/uploads\/2017\/05\/icon2-1.png\" width=\"103\" height=\"109\" sizes=\"(max-width: 103px) 100vw, 103px\" title=\"icon2\" alt=\"\" \t\tclass=\"so-widget-image\"\/>\n\t\t\t<\/a><\/div>\n\n<\/div><\/div><div id=\"panel-14947-7-0-1\" class=\"so-panel widget widget_text panel-last-child\" data-index=\"15\" ><div class=\"panel-widget-style panel-widget-style-for-14947-7-0-1\" >\t\t\t<div class=\"textwidget\"><div class=\"ti-beliefs\">El Evangelio Cu\u00e1druple<\/div>\n<p>&nbsp;<\/p>\n<\/div>\n\t\t<\/div><\/div><\/div><div id=\"pgc-14947-7-1\"  class=\"panel-grid-cell\" ><div id=\"panel-14947-7-1-0\" class=\"so-panel widget widget_sow-image panel-first-child\" data-index=\"16\" ><div\n\t\t\t\n\t\t\tclass=\"so-widget-sow-image so-widget-sow-image-default-c67d20f9f743-14947\"\n\t\t\t\n\t\t>\n<div class=\"sow-image-container\">\n\t\t\t<a href=\"https:\/\/awf.world\/es\/statement-of-faith\/\"\n\t\t\t\t\t>\n\t\t\t<img \n\tsrc=\"https:\/\/awf.world\/wp-content\/uploads\/2017\/05\/icon1-1.png\" width=\"103\" height=\"109\" sizes=\"(max-width: 103px) 100vw, 103px\" title=\"icon1\" alt=\"\" \t\tclass=\"so-widget-image\"\/>\n\t\t\t<\/a><\/div>\n\n<\/div><\/div><div id=\"panel-14947-7-1-1\" class=\"so-panel widget widget_text panel-last-child\" data-index=\"17\" ><div class=\"panel-widget-style panel-widget-style-for-14947-7-1-1\" >\t\t\t<div class=\"textwidget\"><div class=\"ti-beliefs\">Declaraci\u00f3n de Fe<\/div>\n<p>&nbsp;<\/p>\n<\/div>\n\t\t<\/div><\/div><\/div><div id=\"pgc-14947-7-2\"  class=\"panel-grid-cell\" ><div id=\"panel-14947-7-2-0\" class=\"so-panel widget widget_sow-image panel-first-child\" data-index=\"18\" ><div\n\t\t\t\n\t\t\tclass=\"so-widget-sow-image so-widget-sow-image-default-c67d20f9f743-14947\"\n\t\t\t\n\t\t>\n<div class=\"sow-image-container\">\n\t\t\t<a href=\"https:\/\/awf.world\/es\/alliance-perspectives\/\"\n\t\t\t\t\t>\n\t\t\t<img \n\tsrc=\"https:\/\/awf.world\/wp-content\/uploads\/2017\/05\/icon3-1.png\" width=\"103\" height=\"109\" sizes=\"(max-width: 103px) 100vw, 103px\" title=\"icon3\" alt=\"\" \t\tclass=\"so-widget-image\"\/>\n\t\t\t<\/a><\/div>\n\n<\/div><\/div><div id=\"panel-14947-7-2-1\" class=\"so-panel widget widget_text panel-last-child\" data-index=\"19\" ><div class=\"panel-widget-style panel-widget-style-for-14947-7-2-1\" >\t\t\t<div class=\"textwidget\"><div class=\"ti-beliefs\">Perspectivas de la Alianza<\/div>\n<p>&nbsp;<\/p>\n<\/div>\n\t\t<\/div><\/div><\/div><div id=\"pgc-14947-7-3\"  class=\"panel-grid-cell\" ><div id=\"panel-14947-7-3-0\" class=\"so-panel widget widget_sow-image panel-first-child\" data-index=\"20\" ><div\n\t\t\t\n\t\t\tclass=\"so-widget-sow-image so-widget-sow-image-default-c67d20f9f743-14947\"\n\t\t\t\n\t\t>\n<div class=\"sow-image-container\">\n\t\t\t<a href=\"https:\/\/awf.world\/es\/the-great-commission\/\"\n\t\t\t\t\t>\n\t\t\t<img \n\tsrc=\"https:\/\/awf.world\/wp-content\/uploads\/2017\/05\/icon4-1.png\" width=\"103\" height=\"109\" sizes=\"(max-width: 103px) 100vw, 103px\" title=\"icon4\" alt=\"\" \t\tclass=\"so-widget-image\"\/>\n\t\t\t<\/a><\/div>\n\n<\/div><\/div><div id=\"panel-14947-7-3-1\" class=\"so-panel widget widget_text panel-last-child\" data-index=\"21\" ><div class=\"panel-widget-style panel-widget-style-for-14947-7-3-1\" >\t\t\t<div class=\"textwidget\"><div class=\"ti-beliefs\">La Gran Comisi\u00f3n<\/div>\n<p>&nbsp;<\/p>\n<\/div>\n\t\t<\/div><\/div><\/div><div id=\"pgc-14947-7-4\"  class=\"panel-grid-cell\" ><div id=\"panel-14947-7-4-0\" class=\"so-panel widget widget_sow-image panel-first-child\" data-index=\"22\" ><div\n\t\t\t\n\t\t\tclass=\"so-widget-sow-image so-widget-sow-image-default-c67d20f9f743-14947\"\n\t\t\t\n\t\t>\n<div class=\"sow-image-container\">\n\t\t\t<a href=\"https:\/\/awf.world\/es\/core-values\/\"\n\t\t\t\t\t>\n\t\t\t<img \n\tsrc=\"https:\/\/awf.world\/wp-content\/uploads\/2017\/05\/icon5-2.png\" width=\"103\" height=\"109\" sizes=\"(max-width: 103px) 100vw, 103px\" title=\"icon5\" alt=\"\" \t\tclass=\"so-widget-image\"\/>\n\t\t\t<\/a><\/div>\n\n<\/div><\/div><div id=\"panel-14947-7-4-1\" class=\"so-panel widget widget_text panel-last-child\" data-index=\"23\" ><div class=\"panel-widget-style panel-widget-style-for-14947-7-4-1\" >\t\t\t<div class=\"textwidget\"><div class=\"ti-beliefs\">Nuestros Valores Fundamentales<\/div>\n<\/div>\n\t\t<\/div><\/div><\/div><\/div><\/div><\/div>","protected":false},"excerpt":{"rendered":"<p>Rev. Dr. Jura Yanagihara &nbsp; Durante la Convocatoria Cuadrienal de AWF 2016 en Bangkok, el Dr. Jura Yanagihara fue elegido como presidente de la Confraternidad&hellip;<\/p>\n","protected":false},"author":15,"featured_media":0,"parent":0,"menu_order":0,"comment_status":"closed","ping_status":"closed","template":"","meta":{"inline_featured_image":false,"ngg_post_thumbnail":0,"_EventAllDay":false,"_EventTimezone":"","_EventStartDate":"","_EventEndDate":"","_EventStartDateUTC":"","_EventEndDateUTC":"","_EventShowMap":false,"_EventShowMapLink":false,"_EventURL":"","_EventCost":"","_EventCostDescription":"","_EventCurrencySymbol":"","_EventCurrencyCode":"","_EventCurrencyPosition":"","_EventDateTimeSeparator":"","_EventTimeRangeSeparator":"","_EventOrganizerID":[],"_EventVenueID":[],"_OrganizerEmail":"","_OrganizerPhone":"","_OrganizerWebsite":"","_VenueAddress":"","_VenueCity":"","_VenueCountry":"","_VenueProvince":"","_VenueState":"","_VenueZip":"","_VenuePhone":"","_VenueURL":"","_VenueStateProvince":"","_VenueLat":"","_VenueLng":"","_VenueShowMap":false,"_VenueShowMapLink":false,"footnotes":""},"class_list":["post-14947","page","type-page","status-publish","hentry"],"_links":{"self":[{"href":"https:\/\/awf.world\/es\/wp-json\/wp\/v2\/pages\/14947","targetHints":{"allow":["GET"]}}],"collection":[{"href":"https:\/\/awf.world\/es\/wp-json\/wp\/v2\/pages"}],"about":[{"href":"https:\/\/awf.world\/es\/wp-json\/wp\/v2\/types\/page"}],"author":[{"embeddable":true,"href":"https:\/\/awf.world\/es\/wp-json\/wp\/v2\/users\/15"}],"replies":[{"embeddable":true,"href":"https:\/\/awf.world\/es\/wp-json\/wp\/v2\/comments?post=14947"}],"version-history":[{"count":0,"href":"https:\/\/awf.world\/es\/wp-json\/wp\/v2\/pages\/14947\/revisions"}],"wp:attachment":[{"href":"https:\/\/awf.world\/es\/wp-json\/wp\/v2\/media?parent=14947"}],"curies":[{"name":"wp","href":"https:\/\/api.w.org\/{rel}","templated":true}]}}