{"id":14926,"date":"2017-05-15T06:07:46","date_gmt":"2017-05-15T05:07:46","guid":{"rendered":"http:\/\/awf.world\/who-jesus-is\/"},"modified":"2017-07-14T20:23:44","modified_gmt":"2017-07-14T19:23:44","slug":"who-jesus-is","status":"publish","type":"page","link":"https:\/\/awf.world\/es\/who-jesus-is\/","title":{"rendered":"Qui\u00e9n Es Cristo?"},"content":{"rendered":"<div id=\"pl-11952\" class=\"panel-layout\">\n<div id=\"pg-11952-0\" class=\"panel-grid panel-no-style\" data-style=\"{&quot;background_display&quot;:&quot;tile&quot;,&quot;cell_alignment&quot;:&quot;flex-start&quot;}\">&nbsp;<\/div>\n<div id=\"pg-11952-1\" class=\"panel-grid panel-no-style\" data-style=\"{&quot;background_display&quot;:&quot;tile&quot;,&quot;cell_alignment&quot;:&quot;flex-start&quot;}\">\n<div id=\"pgc-11952-1-0\" class=\"panel-grid-cell\" data-weight=\"1\">\n<div id=\"panel-11952-1-0-0\" class=\"so-panel widget widget_text_icl panel-first-child panel-last-child\" data-index=\"1\" data-style=\"{&quot;background_display&quot;:&quot;tile&quot;}\">\n<div class=\"textwidget\">\n<p><strong>\u00a1Quien es Jesus?<\/strong><\/p>\n<p>&nbsp;<\/p>\n<p>La persona y la obra de Jesucristo se resumen en un nombre dado a El antes del nacimiento: Emmanuel, que significa \u00abDios con nosotros\u00bb Mateo 1:23. Como Dios, Jes\u00fas tiene \u00abvida en S\u00ed mismo\u00bb, eternamente la misma, con todo poder y autoridad sobre el cielo y la tierra Mateo 28:18. Revelado a nosotros como el Hijo de Dios, \u00c9l es todo lo que el Padre es, sin excepci\u00f3n o limitaci\u00f3n.<\/p>\n<p>&nbsp;<\/p>\n<p>Est\u00e1 escrito de El: \u00abEn el principio era el Verbo, y el Verbo estaba con Dios, y el Verbo era Dios. \u00c9l estaba con Dios en el principio \u00ab(Juan 1: 1). Como \u00abDios con nosotros\u00bb, Jes\u00fas se convirti\u00f3 en la revelaci\u00f3n plena de Dios expresada plenamente en forma humana, sin perder ninguna de sus caracter\u00edsticas divinas. En las palabras de la Escritura<\/p>\n<p>El Verbo se hizo carne y habit\u00f3 entre nosotros. Hemos visto su gloria, la gloria del \u00danico, que vino del Padre, lleno de gracia y de verdad \u00abJuan 1:14.<\/p>\n<p>El coraz\u00f3n de La Alianza es el Cu\u00e1druple Evangelio, que se centra en Jes\u00fas como Salvador, Santificador, Sanador y Rey que viene.<\/p>\n<p>&nbsp;<\/p>\n<p><strong>Jes\u00fas Nuestro Salvador<\/strong><\/p>\n<p>Las Escrituras nos dicen, \u00abPorque el Hijo del Hombre vino a buscar ya salvar lo que estaba perdido. Cree en el Se\u00f1or Jesucristo, y ser\u00e1s salvo \u00ab(Lucas 19:10, Hechos 16:31). Debido a que Jes\u00fas es nuestro Salvador, hemos sido justificados o hechos justos a los ojos de Dios. Somos perdonados (Hechos 2:38), nuestra culpa se ha ido (Romanos 8: 1), y tenemos paz con Dios (Romanos 5: 1). Tambi\u00e9n tenemos la vida eterna, una herencia que nunca puede desaparecer (Juan 3:16, 1 Pedro 1: 4). Cuando recibimos a Jes\u00fas como nuestro Salvador, nos convertimos en \u00abnuevas creaciones\u00bb (2 Corintios 5:17), y nada puede separarnos de Su amor (Romanos 8:38, 39). Esa verdad, esa promesa, est\u00e1 en el centro de qui\u00e9nes somos como La Alianza.<\/p>\n<p>Como nuestro Salvador, Jes\u00fas no es solo uno de muchos caminos hacia Dios; \u00c9l es la \u00fanica manera de conocer al Padre y experimentar la vida eterna. Leemos en Hechos 4:12 que \u00abLa salvaci\u00f3n no se encuentra en nadie, porque no hay otro nombre bajo el cielo dado a los hombres por el cual debamos ser salvos\u00bb (Hechos 4:12).<\/p>\n<p>&nbsp;<\/p>\n<\/div>\n<\/div>\n<\/div>\n<p><strong>Jes\u00fas Nuestro Santificador<\/strong><\/p>\n<p>Jes\u00fas tambi\u00e9n es nuestro Santificador. Seg\u00fan Juan 1: 29-33, Jes\u00fas es el que quita el pecado del mundo y que bautiza con el Esp\u00edritu Santo. A trav\u00e9s de la muerte de Cristo en la cruz, \u00c9l no s\u00f3lo nos libra de la pena del pecado sino tambi\u00e9n del poder del pecado. Por lo tanto, tenemos la libertad de la muerte, as\u00ed como la libertad de vivir para \u00e9l. Jes\u00fas nos dice en Juan 15 que \u00c9l es la vid y nosotros somos las ramas. Debido a nuestra relaci\u00f3n con \u00c9l, \u00abdaremos mucho fruto &#8230; y nuestra alegr\u00eda ser\u00e1 completa\u00bb. Esto sucede solamente por el poder del Esp\u00edritu Santo que mora dentro de nosotros; No podemos hacernos santos m\u00e1s de lo que podemos hacernos salvos. El Esp\u00edritu Santo es dado por el Padre para que Cristo sea glorificado en el creyente: \u00abCuando venga el Esp\u00edritu de verdad, \u00e9l os guiar\u00e1 a toda verdad &#8230;. \u00c9l me traer\u00e1 gloria tomando de lo m\u00edo y haci\u00e9ndolo conocer \u00ab(Juan 16: 13,14).<\/p>\n<p>Los pasos para una vida llena del Esp\u00edritu incluyen rendirse completamente a Cristo (Romanos 6:11, Romanos 12: 1, 2), aceptarlo como nuestro Santificador (Colosenses 2: 6, Gal 2:20) , Y manteniendo una relaci\u00f3n continua con \u00c9l permaneciendo en \u00c9l y obedeciendo Su Palabra (Juan 15: 1a 11). Esto abre el camino para Dios para equipar al creyente con poder para servirle eficazmente, llevando a otros a Jes\u00fas.<br \/>\nJes\u00fas Nuestro Sanador<\/p>\n<\/div>\n<div id=\"pg-11952-2\" class=\"panel-grid panel-no-style\" data-style=\"{&quot;background_display&quot;:&quot;tile&quot;,&quot;cell_alignment&quot;:&quot;flex-start&quot;}\">&nbsp;<\/div>\n<div id=\"pg-11952-3\" class=\"panel-grid panel-no-style\" data-style=\"{&quot;background_display&quot;:&quot;tile&quot;,&quot;cell_alignment&quot;:&quot;flex-start&quot;}\">\n<div id=\"pgc-11952-3-0\" class=\"panel-grid-cell\" data-weight=\"1\">\n<div id=\"panel-11952-3-0-0\" class=\"so-panel widget widget_text_icl panel-first-child panel-last-child\" data-index=\"3\" data-style=\"{&quot;background_display&quot;:&quot;tile&quot;}\">\n<h3 class=\"widget-title\">&nbsp;<\/h3>\n<div class=\"textwidget\">Nuestro fundador, A. B. Simpson, sab\u00eda por experiencia que Jes\u00fas es nuestro sanador. La maravillosa y compasiva disposici\u00f3n de Jes\u00fas para alcanzar y tocar las necesidades f\u00edsicas de las personas demuestra que la salvaci\u00f3n no es s\u00f3lo tiempo futuro, sino tiempo presente. La salvaci\u00f3n comienza ahora. Jes\u00fas sana en esta vida, en este momento, anticipando algo mucho m\u00e1s completo a medida que la eternidad avanza. La enfermedad es el resultado de un mundo ca\u00eddo y por lo tanto puede ser vencido solamente a trav\u00e9s de la victoria de Cristo sobre el pecado por Su muerte en la cruz: \u00ab\u00c9l fue traspasado por nuestras transgresiones, fue aplastado por nuestras iniquidades; El castigo que nos trajo la paz estaba sobre \u00e9l, y por sus heridas fuimos sanados \u00ab(Isa\u00edas 53: 5). En los relatos del evangelio, el poder de Cristo para sanar demostr\u00f3 que hab\u00eda invadido el territorio de Satan\u00e1s, lo hab\u00eda encadenado y arrebatado de su dominio a los que estaban atrapados por el pecado y sus consecuencias.Las sanidades no terminaron con Jes\u00fas. \u00c9l les dijo a sus disc\u00edpulos que har\u00edan cosas mayores que \u00c9l (Juan 14:12). El poder de sanar en el Nombre de Jes\u00fas fue transmitido a Sus seguidores. El primer milagro registrado despu\u00e9s de Pentecost\u00e9s fue la curaci\u00f3n de un paral\u00edtico por Pedro, cuando dijo: \u00abEn el nombre de Jesucristo de Nazaret, anda\u00bb (Hechos 3: 6). Cristo sigue sanando a los enfermos porque \u00c9l es el mismo \u00abayer, hoy y por los siglos\u00bb (Hebreos 13: 8).<\/p>\n<p>El poder de curar viene de Jes\u00fas, y el prop\u00f3sito es traerle gloria. No es para satisfacer nuestras necesidades, para hacernos sentir mejor o para aliviarnos del dolor, aunque esos son buenos beneficios secundarios. Cuando los disc\u00edpulos con Jes\u00fas encontraron a un ciego, uno de ellos pregunt\u00f3: \u00ab\u00bfQui\u00e9n pec\u00f3, el hombre o sus padres?\u00bb Jes\u00fas explic\u00f3 que ni el hombre ni sus padres hab\u00edan pecado sino \u00abesto hab\u00eda sucedido para que la obra de Dios fuera Manifestado en su vida \u00ab(Juan 9). La sanaci\u00f3n tiene que ver con glorificar a Jes\u00fas. No se trata de nosotros, sino de \u00c9l.<\/p>\n<p>La sanidad divina es una bendici\u00f3n que no debe darse por sentado o asumir autom\u00e1ticamente. Como todos los dem\u00e1s aspectos de la perfecta salvaci\u00f3n de Cristo, es un misterio envuelto en los caminos amorosos de un Dios sabio y bueno, cuyos pensamientos son tan altos sobre nosotros como los cielos son m\u00e1s altos que la tierra. Jes\u00fas realiz\u00f3 muchas se\u00f1ales y maravillas durante Su ministerio terrenal, pero el milagro m\u00e1s grande que \u00c9l hace est\u00e1 en los corazones de aquellos que han sido transformados a trav\u00e9s de una relaci\u00f3n con \u00c9l. Jes\u00fas anhela vernos restaurados f\u00edsicamente, emocionalmente y espiritualmente. A veces, nuestras oraciones por la curaci\u00f3n pueden no ser contestadas exactamente de la manera que esperamos. En esos casos, Jes\u00fas a menudo nos da una comprensi\u00f3n m\u00e1s profunda en Su car\u00e1cter y persona-todo para Su gloria y alabanza<\/p>\n<\/div>\n<\/div>\n<\/div>\n<\/div>\n<div id=\"pg-11952-4\" class=\"panel-grid panel-no-style\" data-style=\"{&quot;background_display&quot;:&quot;tile&quot;,&quot;cell_alignment&quot;:&quot;flex-start&quot;}\">\n<div id=\"pgc-11952-4-0\" class=\"panel-grid-cell\" data-weight=\"1\">\n<div id=\"panel-11952-4-0-0\" class=\"so-panel widget widget_text_icl panel-first-child panel-last-child\" data-index=\"4\" data-style=\"{&quot;background_display&quot;:&quot;tile&quot;}\">\n<div class=\"textwidget\">\n<p><strong>Jes\u00fas Nuestro Rey Venidero<\/strong><\/p>\n<p>El \u00faltimo pilar del Evangelio Cu\u00e1druple es \u00abJesucristo, nuestro Rey venidero\u00bb. Esa expresi\u00f3n captura la misma pasi\u00f3n ejemplificada por los ap\u00f3stoles y millones de otros devotos seguidores de nuestro Se\u00f1or a lo largo de los siglos. Es, para usar las palabras del ap\u00f3stol Pablo, \u00abnuestra bendita esperanza\u00bb.<\/p>\n<p>&nbsp;<\/p>\n<p>La creencia en la Segunda Venida de Cristo se basa en la experiencia de los seguidores de Jes\u00fas que, unos d\u00edas antes de Pentecost\u00e9s, se reunieron en una monta\u00f1a para escuchar la \u00faltima ense\u00f1anza del Cristo resucitado. \u00c9l les encarg\u00f3 que fueran Sus \u00abtestigos\u00bb para el mundo entero, y entonces, mientras observaban sin aliento, \u00c9l ascendi\u00f3 al cielo. Mientras estaban mirando el cielo, dos \u00e1ngeles aparecieron y pronunciaron este mensaje: \u00abEste mismo Jes\u00fas, que ha sido tomado de vosotros en el cielo, volver\u00e1 de la misma manera que lo hab\u00e9is visto ir al cielo\u00bb (Hechos 1: 11b).<\/p>\n<p>Cristo est\u00e1 ahora sentado a la diestra del Padre, esperando ese momento en el tiempo en que \u00c9l vendr\u00e1 de nuevo. \u00bfCu\u00e1ndo suceder\u00e1 eso? Nadie sabe el d\u00eda ni la hora, pero como Cristo viene, necesitamos estar listos, vivir vidas puras, firmes, orantes, santas y reverentes. Tambi\u00e9n necesitamos terminar la tarea que \u00c9l nos ha dado: \u00abEste evangelio del reino ser\u00e1 predicado en todo el mundo como un testimonio para todas las naciones, y entonces vendr\u00e1 el fin\u00bb (Mateo 24:14).<\/p>\n<p>&nbsp;<\/p>\n<p>Tomado de los escritos de John Soper, ex vicepresidente de Ministerios de la Iglesia.<\/p>\n<p>&nbsp;<\/p>\n<p>Traducido del Ingles<\/p>\n<\/div>\n<\/div>\n<\/div>\n<\/div>\n<\/div>\n","protected":false},"excerpt":{"rendered":"<p>&nbsp; \u00a1Quien es Jesus? &nbsp; La persona y la obra de Jesucristo se resumen en un nombre dado a El antes del nacimiento: Emmanuel, que&hellip;<\/p>\n","protected":false},"author":15,"featured_media":0,"parent":0,"menu_order":0,"comment_status":"closed","ping_status":"closed","template":"","meta":{"inline_featured_image":false,"ngg_post_thumbnail":0,"_EventAllDay":false,"_EventTimezone":"","_EventStartDate":"","_EventEndDate":"","_EventStartDateUTC":"","_EventEndDateUTC":"","_EventShowMap":false,"_EventShowMapLink":false,"_EventURL":"","_EventCost":"","_EventCostDescription":"","_EventCurrencySymbol":"","_EventCurrencyCode":"","_EventCurrencyPosition":"","_EventDateTimeSeparator":"","_EventTimeRangeSeparator":"","_EventOrganizerID":[],"_EventVenueID":[],"_OrganizerEmail":"","_OrganizerPhone":"","_OrganizerWebsite":"","_VenueAddress":"","_VenueCity":"","_VenueCountry":"","_VenueProvince":"","_VenueState":"","_VenueZip":"","_VenuePhone":"","_VenueURL":"","_VenueStateProvince":"","_VenueLat":"","_VenueLng":"","_VenueShowMap":false,"_VenueShowMapLink":false,"footnotes":""},"class_list":["post-14926","page","type-page","status-publish","hentry"],"_links":{"self":[{"href":"https:\/\/awf.world\/es\/wp-json\/wp\/v2\/pages\/14926","targetHints":{"allow":["GET"]}}],"collection":[{"href":"https:\/\/awf.world\/es\/wp-json\/wp\/v2\/pages"}],"about":[{"href":"https:\/\/awf.world\/es\/wp-json\/wp\/v2\/types\/page"}],"author":[{"embeddable":true,"href":"https:\/\/awf.world\/es\/wp-json\/wp\/v2\/users\/15"}],"replies":[{"embeddable":true,"href":"https:\/\/awf.world\/es\/wp-json\/wp\/v2\/comments?post=14926"}],"version-history":[{"count":0,"href":"https:\/\/awf.world\/es\/wp-json\/wp\/v2\/pages\/14926\/revisions"}],"wp:attachment":[{"href":"https:\/\/awf.world\/es\/wp-json\/wp\/v2\/media?parent=14926"}],"curies":[{"name":"wp","href":"https:\/\/api.w.org\/{rel}","templated":true}]}}